{"id":16,"date":"2017-07-29T16:56:22","date_gmt":"2017-07-29T13:56:22","guid":{"rendered":"http:\/\/uzmandireksiyondersi.net\/uzmandireksiyondersi\/?page_id=16"},"modified":"2019-03-29T15:26:15","modified_gmt":"2019-03-29T15:26:15","slug":"hakkimizda","status":"publish","type":"page","link":"https:\/\/www.uzmandireksiyondersi.net\/?page_id=16","title":{"rendered":"Hakk\u0131m\u0131zda"},"content":{"rendered":"<h3 style=\"text-align: center;\"><strong>\u0130smail YULA<\/strong><\/h3>\n<h3 style=\"text-align: center;\">Bakanl\u0131k Sicil Numaras\u0131: <strong>114105<\/strong><img decoding=\"async\" loading=\"lazy\" class=\"aligncenter wp-image-232 size-large\" src=\"http:\/\/uzmandireksiyondersi.net\/uzmandireksiyondersi\/wp-content\/uploads\/2017\/07\/Direksiyondersi-739x1024.jpg\" alt=\"\" width=\"730\" height=\"1012\" \/><\/h3>\n<h3 style=\"text-align: center;\">&#8212;&#8212;&#8212;&#8212;&#8212;&#8212;&#8212;&#8212;&#8212;&#8212;&#8212;&#8212;&#8212;&#8212;&#8212;&#8212;&#8212;&#8212;&#8212;&#8212;&#8212;&#8212;&#8212;&#8212;&#8212;&#8212;<\/h3>\n<h3 style=\"text-align: center;\"><img decoding=\"async\" loading=\"lazy\" class=\"size-full wp-image-233 alignleft\" src=\"http:\/\/uzmandireksiyondersi.net\/uzmandireksiyondersi\/wp-content\/uploads\/2017\/07\/ismailyula.gif\" alt=\"\" width=\"200\" height=\"150\" \/><\/h3>\n<p>20 y\u0131l\u0131 a\u015fk\u0131n s\u00fcredir bir \u00e7ok s\u00fcr\u00fcc\u00fc kursunda g\u00f6rev alm\u0131\u015f, MEB sertifikal\u0131 tecr\u00fcbeli e\u011fitmen\u00a0\u0130smail YULAtaraf\u0131ndan kurulan\u00a0<strong>Direksiyon Geli\u015ftirme Merkezi<\/strong>, trafik kurallar\u0131n\u0131 bilen ve bu kurallara uyan, trafikte ya\u015fanabilecek kazalara kar\u0131\u015fmamak i\u00e7in gerekli bilgi ve becerilere sahip iyi s\u00fcr\u00fcc\u00fcler yeti\u015ftirmek amac\u0131 do\u011frultusunda \u00e7al\u0131\u015fmalar\u0131n\u0131 s\u00fcrd\u00fcrmektedir.<\/p>\n<p>S\u00fcr\u00fcc\u00fc e\u011fitiminde y\u0131llar\u0131n birikimine sahip ve geli\u015fmi\u015f e\u011fitim y\u00f6ntemlerine hakim, usta e\u011fitmenlerimizle \u00e7al\u0131\u015fmak, trafikte ara\u00e7 kullanmay\u0131 k\u0131sa s\u00fcrede ve en iyi \u015fekilde \u00f6\u011frenmek istiyorsan\u0131z biz bilgi birikimimizi sizinle payla\u015fmaya haz\u0131r\u0131z.<\/p>\n<p>Sundu\u011fumuz kaliteli e\u011fitim, \u00f6\u011frenci psikolojisini bilen, b\u00f6ylelikle \u00f6\u011frencinin istek ve ihtiya\u00e7lar\u0131n\u0131 anlayabilen, kendini \u00f6\u011frencisinin yerine koyabilen e\u011fitmenlerimizle m\u00fcmk\u00fcn olabilmektedir.<\/p>\n<p><strong>Direksiyon Geli\u015ftirme Merkezi Ticaret Limited \u015eirketi<\/strong>nin Kurulu\u015f amac\u0131 s\u00fcr\u00fcc\u00fc e\u011fitiminin ciddiyetini kavramaktan dolay\u0131d\u0131r. Ayr\u0131ca, \u0130stanbul da ve di\u011fer \u015fehirlerimizde sertifika edinip bu \u00f6nemli g\u00f6revi s\u0131rf ticari kayg\u0131 ile uygulayan ki\u015filer firmam\u0131z\u0131n kurulumunda \u00f6nemli bir etkendir.<\/p>\n<p>E\u011fitmenlerimizin t\u00fcm\u00fc, Milli E\u011fitim Bakanl\u0131\u011f\u0131 Usta \u00d6\u011freticilik sertifikas\u0131n\u0131n yan\u0131nda kurumlarda binlerce ki\u015fiye \u00f6zel e\u011fitim vermi\u015f, e\u011fiticilerdir. \u00c7\u00fcnk\u00fc bizlere can\u0131n\u0131z\u0131 emanet etmektesiniz. Ara\u00e7 kullanmak \u00e7ok hassas ve \u00f6nemli bir davran\u0131\u015f bi\u00e7imidir. Baz\u0131 hatalar\u0131n telafisi malesef olmamaktad\u0131r. Bu y\u00fczden Usta e\u011fitmenlerimiz bu konuda tam donan\u0131ml\u0131d\u0131r. \u0130yi ara\u00e7 kullanmay\u0131 bilmek \u00e7ok iyi \u00f6\u011fretmek anlam\u0131na gelmez. Hi\u00e7bir \u015fey hayat\u0131n\u0131zdan daha \u00f6nemli de\u011fildir.<\/p>\n<p>Her ge\u00e7en g\u00fcn daha da b\u00fcy\u00fcyen ve kendisine duyulan g\u00fcvenle geni\u015fleyen\u00a0<strong>direksiyon geli\u015ftirme merkezi<\/strong>\u00a0adaylar\u0131 aras\u0131nda sizi de g\u00f6rmek temennisiyle sayg\u0131lar\u0131m\u0131z\u0131 sunuyor, basar\u0131l\u0131 ve mutlu bir y\u0131l diliyoruz. Ho\u015f\u00e7akal\u0131n.. \u0130smail Yula.<\/p>\n<p>M. Ali Alabora, Duygu Dikmeno\u011flu, A. Sibel T\u00fcz\u00fcn, Ali Gencebay, Senem Toluay&#8230;&#8230; Bizi tercih edenlerden sadece birka\u00e7\u0131. Siz de bu aileye kat\u0131l\u0131n hayat boyu g\u00fcvenli s\u00fcr\u00fc\u015f yap\u0131n.<\/p>\n<p>S\u00fcr\u00fcc\u00fcl\u00fc\u011f\u00fc, \u00e7a\u011fda\u015f e\u011fitim y\u00f6ntemleriyle, do\u011fru bilgiler edinip bunlar\u0131 uygulayarak \u00f6\u011frenmi\u015f se\u00e7kin \u00f6\u011frencilerimizden olun.<\/p>\n<p>Sizleri kendi alan\u0131nda uzman e\u011fitimcilerimiz ile insan hayat\u0131n\u0131 \u00f6nemseyen ve \u00e7a\u011fda\u015f bir e\u011fitim almaya \u00e7a\u011f\u0131r\u0131yoruz.<\/p>\n<h3 style=\"text-align: center;\">E\u011e\u0130T\u0130M VE B\u0130LG\u0130N\u0130N I\u015eI\u011eI YOLUNUZU AYDINLATSIN&#8230;..<\/h3>\n","protected":false},"excerpt":{"rendered":"<p>\u0130smail YULA Bakanl\u0131k Sicil Numaras\u0131: 114105 &#8212;&#8212;&#8212;&#8212;&#8212;&#8212;&#8212;&#8212;&#8212;&#8212;&#8212;&#8212;&#8212;&#8212;&#8212;&#8212;&#8212;&#8212;&#8212;&#8212;&#8212;&#8212;&#8212;&#8212;&#8212;&#8212; 20 y\u0131l\u0131 a\u015fk\u0131n s\u00fcredir bir \u00e7ok s\u00fcr\u00fcc\u00fc kursunda g\u00f6rev alm\u0131\u015f, MEB sertifikal\u0131 tecr\u00fcbeli e\u011fitmen\u00a0\u0130smail YULAtaraf\u0131ndan kurulan\u00a0Direksiyon Geli\u015ftirme Merkezi, trafik kurallar\u0131n\u0131 bilen ve bu kurallara uyan, trafikte ya\u015fanabilecek kazalara kar\u0131\u015fmamak i\u00e7in gerekli bilgi ve becerilere sahip iyi s\u00fcr\u00fcc\u00fcler yeti\u015ftirmek amac\u0131 do\u011frultusunda \u00e7al\u0131\u015fmalar\u0131n\u0131 s\u00fcrd\u00fcrmektedir. S\u00fcr\u00fcc\u00fc e\u011fitiminde y\u0131llar\u0131n birikimine sahip ve &hellip; <\/p>\n<p><a class=\"more-link btn\" href=\"https:\/\/www.uzmandireksiyondersi.net\/?page_id=16\">Continue reading<\/a><\/p>\n","protected":false},"author":1,"featured_media":0,"parent":0,"menu_order":0,"comment_status":"closed","ping_status":"closed","template":"","meta":[],"_links":{"self":[{"href":"https:\/\/www.uzmandireksiyondersi.net\/index.php?rest_route=\/wp\/v2\/pages\/16"}],"collection":[{"href":"https:\/\/www.uzmandireksiyondersi.net\/index.php?rest_route=\/wp\/v2\/pages"}],"about":[{"href":"https:\/\/www.uzmandireksiyondersi.net\/index.php?rest_route=\/wp\/v2\/types\/page"}],"author":[{"embeddable":true,"href":"https:\/\/www.uzmandireksiyondersi.net\/index.php?rest_route=\/wp\/v2\/users\/1"}],"replies":[{"embeddable":true,"href":"https:\/\/www.uzmandireksiyondersi.net\/index.php?rest_route=%2Fwp%2Fv2%2Fcomments&post=16"}],"version-history":[{"count":1,"href":"https:\/\/www.uzmandireksiyondersi.net\/index.php?rest_route=\/wp\/v2\/pages\/16\/revisions"}],"predecessor-version":[{"id":309,"href":"https:\/\/www.uzmandireksiyondersi.net\/index.php?rest_route=\/wp\/v2\/pages\/16\/revisions\/309"}],"wp:attachment":[{"href":"https:\/\/www.uzmandireksiyondersi.net\/index.php?rest_route=%2Fwp%2Fv2%2Fmedia&parent=16"}],"curies":[{"name":"wp","href":"https:\/\/api.w.org\/{rel}","templated":true}]}}