{"id":18,"date":"2017-07-29T16:56:38","date_gmt":"2017-07-29T13:56:38","guid":{"rendered":"http:\/\/uzmandireksiyondersi.net\/uzmandireksiyondersi\/?page_id=18"},"modified":"2017-07-29T16:56:38","modified_gmt":"2017-07-29T13:56:38","slug":"surusteknikleri","status":"publish","type":"page","link":"https:\/\/www.uzmandireksiyondersi.net\/?page_id=18","title":{"rendered":"S\u00fcr\u00fc\u015f Teknikleri"},"content":{"rendered":"","protected":false},"excerpt":{"rendered":"","protected":false},"author":1,"featured_media":0,"parent":0,"menu_order":0,"comment_status":"closed","ping_status":"closed","template":"","meta":[],"_links":{"self":[{"href":"https:\/\/www.uzmandireksiyondersi.net\/index.php?rest_route=\/wp\/v2\/pages\/18"}],"collection":[{"href":"https:\/\/www.uzmandireksiyondersi.net\/index.php?rest_route=\/wp\/v2\/pages"}],"about":[{"href":"https:\/\/www.uzmandireksiyondersi.net\/index.php?rest_route=\/wp\/v2\/types\/page"}],"author":[{"embeddable":true,"href":"https:\/\/www.uzmandireksiyondersi.net\/index.php?rest_route=\/wp\/v2\/users\/1"}],"replies":[{"embeddable":true,"href":"https:\/\/www.uzmandireksiyondersi.net\/index.php?rest_route=%2Fwp%2Fv2%2Fcomments&post=18"}],"version-history":[{"count":0,"href":"https:\/\/www.uzmandireksiyondersi.net\/index.php?rest_route=\/wp\/v2\/pages\/18\/revisions"}],"wp:attachment":[{"href":"https:\/\/www.uzmandireksiyondersi.net\/index.php?rest_route=%2Fwp%2Fv2%2Fmedia&parent=18"}],"curies":[{"name":"wp","href":"https:\/\/api.w.org\/{rel}","templated":true}]}}