{"id":20,"date":"2017-07-29T16:56:50","date_gmt":"2017-07-29T13:56:50","guid":{"rendered":"http:\/\/uzmandireksiyondersi.net\/uzmandireksiyondersi\/?page_id=20"},"modified":"2019-04-05T18:34:05","modified_gmt":"2019-04-05T18:34:05","slug":"ucretler","status":"publish","type":"page","link":"https:\/\/www.uzmandireksiyondersi.net\/","title":{"rendered":"\u00dccretler"},"content":{"rendered":"<h1 style=\"text-align: left;\">\u00d6zel direksiyon dersi fiyatlar\u0131 \u0130stanbul i\u00e7in ge\u00e7erlidir..<\/h1>\n<h2 style=\"text-align: left;\">UNUTMAYIN! H\u0130\u00c7B\u0130R \u015eEY HAYATINIZDAN DAHA KIYMETL\u0130 DE\u011e\u0130LD\u0130R.<\/h2>\n<p style=\"text-align: left;\">GEL\u0130N UZMAN E\u011e\u0130T\u0130MC\u0130LERDEN PROFESYONEL E\u011e\u0130T\u0130M ALIN. \u00c7\u00dcNK\u00dc B\u0130ZLER S\u0130ZLER\u0130N HAYATINI \u00d6NEMS\u0130YORUZ.<\/p>\n<p style=\"text-align: left;\"><strong>\u00d6zel direksiyon kursu fiyatlar\u0131, direksiyon e\u011fitimi \u00fccretleri, direksiyon dersi g\u00fcncel fiyat bilgisi i\u00e7in bizimle irtibata ge\u00e7iniz.<\/strong><\/p>\n<p style=\"text-align: left;\">Hayat\u0131n\u0131z boyunca ka\u00e7 kez ders alacaks\u0131n\u0131z. Neden En \u0130yisi De\u011fil? Kulaktan Dolma Bilgilere Art\u0131k Son Verin.<b>\u00a0<\/b>L\u00fctfen Ger\u00e7ek E\u011fitimcilerden Ger\u00e7ekten En Do\u011frusunu \u00d6\u011frenin.\u00a0<strong>L\u00fctfen Taklitlerimizden de Sak\u0131n\u0131n.<\/strong><\/p>\n<p style=\"text-align: left;\">B\u0130LG\u0130 EVRENSELD\u0130R VE S\u0130ZLERLE PAYLA\u015eINCA ANLAMINI BULACAKTIR.<\/p>\n<p style=\"text-align: left;\"><strong><em>E\u011e\u0130T\u0130M VE B\u0130LG\u0130N\u0130N I\u015eI\u011eI YOLUNUZU AYDINLATSIN&#8230;.<\/em><\/strong><\/p>\n<p style=\"text-align: left;\"><img decoding=\"async\" loading=\"lazy\" class=\"aligncenter wp-image-249 size-large\" src=\"http:\/\/uzmandireksiyondersi.net\/uzmandireksiyondersi\/wp-content\/uploads\/2017\/07\/direksiyon-egitimi-1024x613.jpg\" alt=\"\" width=\"730\" height=\"437\" \/><\/p>\n<h3 style=\"text-align: left;\">V\u0130TESL\u0130 ARA\u00c7LARDA D\u0130REKS\u0130YON DERS\u0130 \u00dcCRETLER\u0130<\/h3>\n<p style=\"text-align: left;\">1 Saat Ders \u00dccreti :&#8230;.TL. Yetkisi olmadan \u00e7al\u0131\u015fanlarla m\u00fccadelemiz devam ediyor. Bunun i\u00e7in \u0130\u00e7i\u015fleri Bakanl\u0131\u011f\u0131 ve Milli E\u011fitim Bakanl\u0131\u011f\u0131 Bir Dizi \u00d6nlem Tasla\u011f\u0131 Haz\u0131rlad\u0131. L\u00fctfen yetkisiz ki\u015filere itibar etmeyiniz Yasa gere\u011fi onays\u0131z ara\u00e7\u0131 kullanmaktan sizlerde ceza al\u0131p ma\u011fdur olursunuz.<\/p>\n<p style=\"text-align: left;\">A\u015fa\u011f\u0131daki Paket Programlar Pe\u015fin \u00f6demelerde ge\u00e7erlidir.<\/p>\n<p style=\"text-align: left;\"><strong>\u00dccretler i\u00e7in l\u00fctfen bizimle irtibata ge\u00e7in.<\/strong><\/p>\n<ul style=\"text-align: left;\">\n<li>10 Saat Ders \u00dccreti ve \u00fczeri dersler :&#8230; TL<\/li>\n<li>Kredi kart\u0131na 10 Taksit Uygulamas\u0131nda ayda &#8230; TL.<\/li>\n<\/ul>\n<p style=\"text-align: left;\"><img decoding=\"async\" loading=\"lazy\" class=\"aligncenter wp-image-250 size-large\" src=\"http:\/\/uzmandireksiyondersi.net\/uzmandireksiyondersi\/wp-content\/uploads\/2017\/07\/direksiyon-kursu-1024x613.jpg\" alt=\"\" width=\"730\" height=\"437\" \/><\/p>\n<h3 style=\"text-align: left;\">OTOMAT\u0130K V\u0130TES ARA\u00c7LARDA D\u0130REKS\u0130YON DERS\u0130 F\u0130YATLARI<\/h3>\n<p style=\"text-align: left;\">1 Saat Ders \u00dccreti: &#8230; TL Korsan \u00e7al\u0131\u015fanlarla M\u00fccadelemiz Devam Ediyor. Bunun i\u00e7in \u0130\u00e7i\u015fleri Bakanl\u0131\u011f\u0131 ve Milli E\u011fitim Bakanl\u0131\u011f\u0131 Bir Dizi \u00d6nlem Tasla\u011f\u0131 Haz\u0131rlad\u0131. L\u00fctfen Korsanlara itibar etmeyiniz Yasa gere\u011fi onays\u0131z arac\u0131 kullanmaktan sizlerde ceza al\u0131p ma\u011fdur olursunuz.<\/p>\n<p style=\"text-align: left;\">A\u015fa\u011f\u0131daki Paket Programlar Pe\u015fin \u00f6demelerde ge\u00e7erlidir.<\/p>\n<ul style=\"text-align: left;\">\n<li>10 Saat Ders \u00dccreti ve \u00fczeri dersler :&#8230; TL<\/li>\n<li>Kredi kart\u0131na 10 Taksit Uygulamas\u0131nda ayda &#8230; TL.<\/li>\n<\/ul>\n<hr \/>\n<hr \/>\n<hr \/>\n<p style=\"text-align: left;\">G\u00dcNL\u00dcK 2 SAAT DERS YAPILMAKTADIR. \u0130STEYEN KURS\u0130YERLERE PAKET PROGRAM UYGULANIR.<\/p>\n<p style=\"text-align: left;\"><b>Not:<\/b>\u00a0Paket program \u00fccretleri pe\u015fin al\u0131n\u0131r. Yada Kredi Kart\u0131 \u00e7ekimi yap\u0131l\u0131r.<\/p>\n<p style=\"text-align: left;\">DERS SAATLER\u0130N\u0130 KURS\u0130YER BEL\u0130RLER.<\/p>\n<p style=\"text-align: left;\"><b>\u00c7ALI\u015eMA SAATLER\u0130M\u0130Z:<\/b><\/p>\n<p style=\"text-align: left;\">SABAH : 07:00 da ba\u015flar.<\/p>\n<p style=\"text-align: left;\">AK\u015eAM : 23:00 a kadard\u0131r.<\/p>\n<p style=\"text-align: left;\"><b>Not:<\/b>\u00a0Adresten al\u0131n\u0131p adrese b\u0131rakma \u00fccrete dahildir.<\/p>\n<ul style=\"text-align: left;\">\n<li>\u00d6\u011frenciden hi\u00e7bir sebeple ek bir \u00fccret talep edilemez.<\/li>\n<li>Olabilecek t\u00fcm hasarlar kurum taraf\u0131ndan kar\u015f\u0131lan\u0131r.<\/li>\n<li><b>Dikkat yo\u011fun talepten dolay\u0131:<\/b>\u00a0<b>L\u00fctfen E\u011fitim Programlar\u0131m\u0131za kat\u0131lmak istiyorsan\u0131z \u00f6nceden randevu al\u0131n\u0131z&#8230;<\/b><\/li>\n<\/ul>\n<p style=\"text-align: left;\"><u>Hayat\u0131n\u0131z\u0131 \u00d6nemsiyoruz! Sizde en az Bizim Kadar \u00d6nemseyiniz.<\/u><\/p>\n","protected":false},"excerpt":{"rendered":"<p>\u00d6zel direksiyon dersi fiyatlar\u0131 \u0130stanbul i\u00e7in ge\u00e7erlidir.. UNUTMAYIN! H\u0130\u00c7B\u0130R \u015eEY HAYATINIZDAN DAHA KIYMETL\u0130 DE\u011e\u0130LD\u0130R. GEL\u0130N UZMAN E\u011e\u0130T\u0130MC\u0130LERDEN PROFESYONEL E\u011e\u0130T\u0130M ALIN. \u00c7\u00dcNK\u00dc B\u0130ZLER S\u0130ZLER\u0130N HAYATINI \u00d6NEMS\u0130YORUZ. \u00d6zel direksiyon kursu fiyatlar\u0131, direksiyon e\u011fitimi \u00fccretleri, direksiyon dersi g\u00fcncel fiyat bilgisi i\u00e7in bizimle irtibata ge\u00e7iniz. Hayat\u0131n\u0131z boyunca ka\u00e7 kez ders alacaks\u0131n\u0131z. Neden En \u0130yisi De\u011fil? Kulaktan Dolma Bilgilere Art\u0131k &hellip; <\/p>\n<p><a class=\"more-link btn\" href=\"https:\/\/www.uzmandireksiyondersi.net\/\">Continue reading<\/a><\/p>\n","protected":false},"author":1,"featured_media":0,"parent":0,"menu_order":0,"comment_status":"closed","ping_status":"closed","template":"","meta":[],"_links":{"self":[{"href":"https:\/\/www.uzmandireksiyondersi.net\/index.php?rest_route=\/wp\/v2\/pages\/20"}],"collection":[{"href":"https:\/\/www.uzmandireksiyondersi.net\/index.php?rest_route=\/wp\/v2\/pages"}],"about":[{"href":"https:\/\/www.uzmandireksiyondersi.net\/index.php?rest_route=\/wp\/v2\/types\/page"}],"author":[{"embeddable":true,"href":"https:\/\/www.uzmandireksiyondersi.net\/index.php?rest_route=\/wp\/v2\/users\/1"}],"replies":[{"embeddable":true,"href":"https:\/\/www.uzmandireksiyondersi.net\/index.php?rest_route=%2Fwp%2Fv2%2Fcomments&post=20"}],"version-history":[{"count":3,"href":"https:\/\/www.uzmandireksiyondersi.net\/index.php?rest_route=\/wp\/v2\/pages\/20\/revisions"}],"predecessor-version":[{"id":389,"href":"https:\/\/www.uzmandireksiyondersi.net\/index.php?rest_route=\/wp\/v2\/pages\/20\/revisions\/389"}],"wp:attachment":[{"href":"https:\/\/www.uzmandireksiyondersi.net\/index.php?rest_route=%2Fwp%2Fv2%2Fmedia&parent=20"}],"curies":[{"name":"wp","href":"https:\/\/api.w.org\/{rel}","templated":true}]}}