{"id":216,"date":"2017-09-27T01:16:48","date_gmt":"2017-09-26T22:16:48","guid":{"rendered":"http:\/\/uzmandireksiyondersi.net\/uzmandireksiyondersi\/?page_id=216"},"modified":"2019-03-29T15:27:14","modified_gmt":"2019-03-29T15:27:14","slug":"park-bilgileri","status":"publish","type":"page","link":"https:\/\/www.uzmandireksiyondersi.net\/?page_id=216","title":{"rendered":"Park Bilgileri"},"content":{"rendered":"<h1 style=\"text-align: center;\">Ara\u00e7 kullanma dersi park bilgileri<\/h1>\n<h3 style=\"text-align: center;\">Park Etmek Hi\u00e7 Bu Kadar Kolay Olmam\u0131\u015ft\u0131.<\/h3>\n<p>Geri manevra ile kald\u0131r\u0131ma paralel iki ara\u00e7 aras\u0131na park etmek,(sa\u011f ve sol geri paralel park) geri veya \u00f6nden manevra ile kald\u0131r\u0131ma dikey iki ara\u00e7 aras\u0131na park etmek (\u0130leri dikine ve geri dikine Park) Kald\u0131r\u0131ma 45 derece a\u00e7\u0131l\u0131 iki ara\u00e7 aras\u0131na park etmek,al\u0131\u015f veri\u015f merkezi kapal\u0131 oto park gibi dar alanlar da iki ara\u00e7 aras\u0131na park etmek, sorunlar\u0131na son vereceksiniz.<\/p>\n<p>Evet bizden ald\u0131\u011f\u0131n\u0131z-e\u011fitim sonras\u0131 park etmek hi\u00e7 bu kadar kolay olmam\u0131\u015ft\u0131 diyebileceksiniz art\u0131k.<\/p>\n<p><img decoding=\"async\" src=\"http:\/\/direksiyonkursu.com\/resim.aspx?url=\/dosyalar\/park3.jpg&amp;w=129&amp;h=86\" alt=\"park dersleri\" \/>\u00a0 \u00a0 \u00a0 \u00a0\u00a0<img decoding=\"async\" src=\"http:\/\/direksiyonkursu.com\/resim.aspx?url=\/dosyalar\/park2.jpg&amp;w=129&amp;h=86\" alt=\"park dersi\" \/>\u00a0 \u00a0 \u00a0 \u00a0\u00a0<img decoding=\"async\" src=\"http:\/\/direksiyonkursu.com\/resim.aspx?url=\/dosyalar\/park1.jpg&amp;w=129&amp;h=86\" alt=\"trafikte park dersi\" \/><\/p>\n<p>Profesyonel s\u00fcr\u00fcc\u00fc olmak isteyen sevgili arkada\u015flar. Ehliyetinizi ald\u0131n\u0131z ama kendinizi trafi\u011fe \u00e7\u0131kacak kadar yeterli g\u00f6rm\u00fcyorsunuz. \u0130\u015fte bu safhada ara\u00e7 kullanma e\u011fitimi almaya karar verdiniz. Biz sizleri \u0130stanbul&#8217;un yo\u011fun trafi\u011finde tecr\u00fcbeli birer s\u00fcr\u00fcc\u00fc olabilmeniz i\u00e7in trafikte profesyonel e\u011fitim veriyoruz.<\/p>\n<p>Arabay\u0131 kullanmay\u0131 bilenden e\u011fitim almaya \u00e7al\u0131\u015fmay\u0131n, onlar sadece araba kullanmay\u0131 biliyor; \u00f6\u011fretmeyi de\u011fil. Araba kullanmak farkl\u0131 \u00f6\u011fretmek \u00e7ok farkl\u0131d\u0131r. Anl\u0131k ifadeleri yerinde ve zaman\u0131nda kullanmakta g\u00fc\u00e7l\u00fck \u00e7ekecek ve o esnada gerginlik ya\u015fayacak bunu her ne kadar istemese de size de yans\u0131tacakt\u0131r. En \u00f6nemlisi de araba kullan olay\u0131na sizin psikolojinizin, bak\u0131\u015f a\u00e7\u0131n\u0131z\u0131n olumsuzla\u015fmas\u0131na sebebiyet vermesi sizin \u00f6\u011frenmeyi \u00e7ok kolay a\u015fabilecekken zorla\u015ft\u0131r man\u0131zada neden olacakt\u0131r. En ufak bir tehlikede psikolojiniz bozulacak ve acaba yapamayacak m\u0131y\u0131m hissine kap\u0131l\u0131p kendinizi daha \u00e7ok yoracaks\u0131n\u0131z. Mutlaka profesyonel uzman \u00f6\u011fretmenlerinden \u00f6\u011frenin.<\/p>\n<h3>Bunun \u015eakas\u0131 Yok!<\/h3>\n<p><img decoding=\"async\" src=\"http:\/\/www.direksiyonkursu.com\/resim.aspx?url=\/dosyalar\/ismail3.JPG&amp;w=150&amp;h=102\" alt=\"trafikte kaza\" align=\"right\" \/><\/p>\n<p>\u0130\u015fte bu esnada trafikte siz pratik yapma ihtiyac\u0131 duyan bay\/bayan arkada\u015flar; uzman e\u011fitmenleri, ara\u00e7lar\u0131 ve e\u011fitim g\u00fczergahlar\u0131 ile sizi trafi\u011fe al\u0131\u015ft\u0131racak ve zorlanma man\u0131z\u0131 sa\u011flayacak e\u011fitimleri, Kaliteli ve teknik bilginin tek adresi olan\u00a0<a href=\"http:\/\/direksiyonkursu.com\/Ozelkurs\/direksiyon-dersi-ozel-direksiyon-dersi-gelistirme-merkezi-direksiyon-egitimi-direksiyon-kursu_265.html\"><b>Direksiyon Geli\u015ftirme Merkezi<\/b><\/a>\u00a0hocalar\u0131 verecektir.<\/p>\n<p>Derslerimiz Avrupa standartlar\u0131nda do\u011fru ve emniyetli ara\u00e7 kullan\u0131m\u0131n\u0131 ve s\u00fcr\u00fc\u015f tekniklerini i\u00e7ermektedir. Aktif \u015fehir i\u00e7i trafi\u011finde, kav\u015fak yollarda, d\u00f6n\u00fc\u015flerde, E-5 E-6 ve k\u00f6pr\u00fc ge\u00e7i\u015flerinde uygulamal\u0131 olarak. En \u00f6nemlisi ara\u00e7 kullananlar\u0131n genel sorunu olan park etmeyi kald\u0131r\u0131ma paralel, iki ara\u00e7 aras\u0131, verev ve kapal\u0131 garaja Avrupa da uygulanan \u00d6zel park tekni\u011fiyle teoride ve pratikte toplam 10 dakikada kesin \u00e7\u00f6z\u00fcm sunuyoruz.<\/p>\n<h3>Bunun \u015eakas\u0131 Yok!<\/h3>\n<p><img decoding=\"async\" class=\"alignleft\" src=\"http:\/\/www.direksiyonkursu.com\/resim.aspx?url=\/dosyalar\/ismail3.JPG&amp;w=150&amp;h=102\" alt=\"trafikte kaza\" \/>\u0130\u015fte bu esnada trafikte siz pratik yapma ihtiyac\u0131 duyan bay\/bayan arkada\u015flar; uzman e\u011fitmenleri, ara\u00e7lar\u0131 ve e\u011fitim g\u00fczergahlar\u0131 ile sizi trafi\u011fe al\u0131\u015ft\u0131racak ve zorlanma man\u0131z\u0131 sa\u011flayacak e\u011fitimleri, Kaliteli ve teknik bilginin tek adresi olan\u00a0<a href=\"http:\/\/direksiyonkursu.com\/Ozelkurs\/direksiyon-dersi-ozel-direksiyon-dersi-gelistirme-merkezi-direksiyon-egitimi-direksiyon-kursu_265.html\"><b>Direksiyon Geli\u015ftirme Merkezi<\/b><\/a>\u00a0hocalar\u0131 verecektir.<\/p>\n<p>Derslerimiz Avrupa standartlar\u0131nda do\u011fru ve emniyetli ara\u00e7 kullan\u0131m\u0131n\u0131 ve s\u00fcr\u00fc\u015f tekniklerini i\u00e7ermektedir. Aktif \u015fehir i\u00e7i trafi\u011finde, kav\u015fak yollarda, d\u00f6n\u00fc\u015flerde, E-5 E-6 ve k\u00f6pr\u00fc ge\u00e7i\u015flerinde uygulamal\u0131 olarak. En \u00f6nemlisi ara\u00e7 kullananlar\u0131n genel sorunu olan park etmeyi kald\u0131r\u0131ma paralel, iki ara\u00e7 aras\u0131, verev ve kapal\u0131 garaja Avrupa da uygulanan \u00d6zel park tekni\u011fiyle teoride ve pratikte toplam 10 dakikada kesin \u00e7\u00f6z\u00fcm sunuyoruz.<\/p>\n<h3 style=\"text-align: center;\">Hepinize kazas\u0131z s\u00fcr\u00fc\u015fler dile\u011fiyle; Far\u0131n\u0131z a\u00e7\u0131k yolunuz daima ayd\u0131nl\u0131k olsun.<\/h3>\n<h2 style=\"text-align: center;\">\u0130leri S\u00fcr\u00fc\u015f Teknikleri Uzman\u0131 \u0130smail Yula.<\/h2>\n","protected":false},"excerpt":{"rendered":"<p>Ara\u00e7 kullanma dersi park bilgileri Park Etmek Hi\u00e7 Bu Kadar Kolay Olmam\u0131\u015ft\u0131. Geri manevra ile kald\u0131r\u0131ma paralel iki ara\u00e7 aras\u0131na park etmek,(sa\u011f ve sol geri paralel park) geri veya \u00f6nden manevra ile kald\u0131r\u0131ma dikey iki ara\u00e7 aras\u0131na park etmek (\u0130leri dikine ve geri dikine Park) Kald\u0131r\u0131ma 45 derece a\u00e7\u0131l\u0131 iki ara\u00e7 aras\u0131na park etmek,al\u0131\u015f veri\u015f &hellip; <\/p>\n<p><a class=\"more-link btn\" href=\"https:\/\/www.uzmandireksiyondersi.net\/?page_id=216\">Continue reading<\/a><\/p>\n","protected":false},"author":1,"featured_media":0,"parent":0,"menu_order":0,"comment_status":"closed","ping_status":"closed","template":"","meta":[],"_links":{"self":[{"href":"https:\/\/www.uzmandireksiyondersi.net\/index.php?rest_route=\/wp\/v2\/pages\/216"}],"collection":[{"href":"https:\/\/www.uzmandireksiyondersi.net\/index.php?rest_route=\/wp\/v2\/pages"}],"about":[{"href":"https:\/\/www.uzmandireksiyondersi.net\/index.php?rest_route=\/wp\/v2\/types\/page"}],"author":[{"embeddable":true,"href":"https:\/\/www.uzmandireksiyondersi.net\/index.php?rest_route=\/wp\/v2\/users\/1"}],"replies":[{"embeddable":true,"href":"https:\/\/www.uzmandireksiyondersi.net\/index.php?rest_route=%2Fwp%2Fv2%2Fcomments&post=216"}],"version-history":[{"count":1,"href":"https:\/\/www.uzmandireksiyondersi.net\/index.php?rest_route=\/wp\/v2\/pages\/216\/revisions"}],"predecessor-version":[{"id":313,"href":"https:\/\/www.uzmandireksiyondersi.net\/index.php?rest_route=\/wp\/v2\/pages\/216\/revisions\/313"}],"wp:attachment":[{"href":"https:\/\/www.uzmandireksiyondersi.net\/index.php?rest_route=%2Fwp%2Fv2%2Fmedia&parent=216"}],"curies":[{"name":"wp","href":"https:\/\/api.w.org\/{rel}","templated":true}]}}