{"id":218,"date":"2017-09-27T01:17:17","date_gmt":"2017-09-26T22:17:17","guid":{"rendered":"http:\/\/uzmandireksiyondersi.net\/uzmandireksiyondersi\/?page_id=218"},"modified":"2019-03-29T15:25:18","modified_gmt":"2019-03-29T15:25:18","slug":"egitim-verilen-yerler","status":"publish","type":"page","link":"https:\/\/www.uzmandireksiyondersi.net\/?page_id=218","title":{"rendered":"E\u011fitim Verilen Yerler"},"content":{"rendered":"<h1 style=\"text-align: center;\">\u0130stanbul&#8217;un Anadolu ve Avrupa Yakas\u0131nda Direksiyon Dersi Veriyoruz.<\/h1>\n<h3 style=\"text-align: center;\">Be\u015fikta\u015f, Sar\u0131yer Direksiyon Dersi<\/h3>\n<p>Bu b\u00f6lgede \u00a0e\u011fitim alacak arkada\u015flarla yolculu\u011fumuz Barbaros bulvar\u0131 ba\u015flang\u0131c\u0131 \u00fczerinde ba\u015flar. Conrad otel Y\u0131ld\u0131z Teknik \u00dcniversitesi civar\u0131 duru\u015f kalk\u0131\u015f vites \u00e7al\u0131\u015fmalar\u0131 yap\u0131l\u0131r. \u0130lk yar\u0131m saatlik dilim bu civarda arac\u0131 tan\u0131ma ve al\u0131\u015ft\u0131rmalar yap\u0131ld\u0131ktan sonra Barbaros bulvar\u0131ndan Zincirli kuyu istikametine yolculuk ba\u015flar. S\u00fcr\u00fcc\u00fcn\u00fcn durumuna g\u00f6re Levaz\u0131m sitesi, Etiler ve Akatlar civar\u0131nda ilk g\u00fcnk\u00fc s\u00fcr\u00fc\u015f e\u011fitimi tamamlan\u0131r. daha sonraki g\u00fcnlerde Barbaros bulvar\u0131, Etiler, Ortak\u00f6y, Bebek, Arnavut k\u00f6y, Tarabya, \u0130stinye, Sar\u0131yer sahil yollar\u0131 kullan\u0131l\u0131r. Ayn\u0131 zamanda Hac\u0131 Osman dan Sar\u0131yer e Sar\u0131yer den Hac\u0131 Osman \u00fczerinden tekrar Be\u015fikta\u015f ta e\u011fitim sonland\u0131r\u0131l\u0131r. Daha sonraki g\u00fcnler genelde bu g\u00fczergahlar kullan\u0131l\u0131r ve park dersleri ile e\u011fitim de bitmi\u015f olur. S\u00fcr\u00fcc\u00fcm\u00fcz art\u0131k trafikte tek ba\u015f\u0131na arac\u0131n\u0131 kullan\u0131r haldedir.<\/p>\n<h3>\u015ei\u015fli, Mecidiyek\u00f6y Taksim Direksiyon Kursu<\/h3>\n<p>\u015ei\u015fli Mecidiyek\u00f6y, trafik yo\u011funlu\u011fu a\u00e7\u0131s\u0131ndan \u00e7ok yo\u011fun bir b\u00f6lge oldu\u011fundan genelde e\u011fitimler kursiyerin refleks durumuna g\u00f6re ya ortaklar caddesi \u00fczerinde ya da Ka\u011f\u0131thane Has bah\u00e7e civar\u0131nda ba\u015flar. Daha sonraki g\u00fcnler de Mecidiyek\u00f6y, Halaskar Gazi, Ni\u015fan ta\u015f\u0131, Taksim, \u0130n\u00f6n\u00fc, Ma\u00e7ka g\u00fczergahlar\u0131 kullan\u0131l\u0131r. Buradaki e\u011fitimler trafik yo\u011funlu\u011funun fazla olmas\u0131ndan e\u011fitim biraz \u00e7etin \u015fartlarda ge\u00e7er bu yollar \u00fczerinde e\u011fitim alm\u0131\u015f s\u00fcr\u00fcc\u00fc hemen hemen \u0130stanbul un t\u00fcm yollar\u0131nda arac\u0131n\u0131 rahatl\u0131kla kullan\u0131r hale gelir.<\/p>\n<h3>Beyo\u011flu Ka\u011f\u0131thane Direksiyon Dersi<\/h3>\n<p>Bu b\u00f6lgede direksiyon dersleri \u00e7al\u0131\u015fma olana\u011f\u0131 daha fazla ve trafik yo\u011funlu\u011fu daha az oldu\u011fundan \u00e7al\u0131\u015fmalar Has Bah\u00e7e ve S\u00fctl\u00fcce g\u00fczergahlar\u0131nda ba\u015flar. Daha sonra s\u00fcr\u00fcc\u00fcn\u00fcn iste\u011fine refleks durumuna g\u00f6re \u00c7a\u011flayan, \u015ei\u015fli, Beyo\u011flu, \u015ei\u015fhane Kemerburgaz istikametleri kullan\u0131l\u0131r ve \u015ei\u015fli Mecidiyek\u00f6y civarlar\u0131na da \u00e7\u0131k\u0131l\u0131p e\u011fitimler tamamlan\u0131r.<\/p>\n<h3>Bak\u0131rk\u00f6y, Zeytinburnu, Atak\u00f6y, \u015eirinevler, Bah\u00e7elievler Direksiyon Dersi<\/h3>\n<p>Geni\u015f \u00e7al\u0131\u015fma ve yol a\u011f\u0131na sahip bu b\u00f6lgeler de istedi\u011fimiz nokta dan e\u011fitime ba\u015flang\u0131\u00e7 yapabiliyoruz. Bu il\u00e7elerin hemen hemen tamam\u0131n da t\u00fcm yollar\u0131n\u0131 kullan\u0131p Atak\u00f6y sahil yolundan Emin\u00f6n\u00fc ne uzanan ve s\u00fcr\u00fcc\u00fcye e\u015f\u015fiz s\u00fcr\u00fc\u015f keyfi ya\u015fatan yolculu\u011fumuz balat sahilinden devam edip e 5 \u00fczerinden Bak\u0131rk\u00f6y e uzan\u0131p bu civarda son buluyor.<\/p>\n<p>Ac\u0131 badem, Akaretler, Akatlar, Aksaray, Ali bey k\u00f6y, Alt kaynarca, Altuni zade, Ambarl\u0131, Anadolu hisar\u0131, Ar\u0131 k\u00f6y, Arnavut k\u00f6y, Ata kent, Ata k\u00f6y 1, Ata k\u00f6y 10, Ata k\u00f6y 11, Ata k\u00f6y 2, Ata k\u00f6y 3, Ata k\u00f6y 4,Ata k\u00f6y 5, Ata k\u00f6y 6, Ata k\u00f6y 7, Ata k\u00f6y 8, Ata k\u00f6y 9, Ata \u015fehir, At\u0131\u015f alan\u0131, At\u0131\u015f anc\u0131, Avc\u0131lar, Ayaz a\u011fa, Ayazma, Ayd\u0131n evler, Ay\u015fekad\u0131n,<br \/>\nBa\u011fc\u0131lar, Ba\u011flar ba\u015f\u0131, Bahariye, Bah\u00e7e kap\u0131, Bah\u00e7e k\u00f6y, Bah\u00e7elievler, Bah\u00e7e \u015fehir, Bak\u0131rk\u00f6y, Bak\u0131rk\u00f6y Kartal tepe, Bak\u0131rk\u00f6y Osmaniye, Bak\u0131rk\u00f6y Zuhurat baba, Bak\u0131rk\u00f6y Zeytinlik, Balat, Bal mumcu, Balta liman\u0131, Bas\u0131n Expres Yolu, Bas\u0131n k\u00f6y , Ba\u015fak \u015fehir , Ba\u015f\u0131 b\u00fcy\u00fck, Bayrampa\u015fa, Bebek, Be\u015f evler, Be\u015fikta\u015f, Be\u015fikta\u015f Barbaros,Be\u015fikta\u015f Y\u0131ld\u0131z, Be\u015f yol, Be\u015f y\u00fcz evler, Beyaz\u0131t , Beykoz, Beylerbeyi, Beylik d\u00fcz\u00fc, Beyo\u011flu, Bostanc\u0131, \u00dcst Bostanc\u0131, Bulgurlu, Burhaniye , B\u00fcy\u00fck Bakkal k\u00f6y, B\u00fcy\u00fck ada, B\u00fcy\u00fck \u00e7ekmece, B\u00fcy\u00fck dere,,<br \/>\nCadde bostani, Ca\u011fal o\u011flu, Cankurtaran, Cendere Yolu, Cerrah pa\u015fa, Cevizli, Cevizli ba\u011f, Cihangir, \u00c7a\u011flayan, \u00c7akmak Mahallesi, B\u00fcy\u00fck \u00c7aml\u0131ca, K\u00fc\u00e7\u00fck \u00c7aml\u0131ca, \u00c7apa , \u00c7atalca , \u00c7ekme k\u00f6y, \u00c7elik tepe, \u00c7emberli ta\u015f, \u00c7engel k\u00f6y, \u00c7i\u00e7ek\u00e7i, \u00c7ifte havuzlar, \u00c7i\u011fdem Mahallesi, \u00c7ubuklu,,<br \/>\nDavut pa\u015fa, Demirci k\u00f6y, Demirkap\u0131, Dikili ta\u015f, Doktorlar Sitesi, Dolap dere, Dragos, Dumlup\u0131nar, Edirne kap\u0131, Elmada\u011f, Emek, Emin\u00f6n\u00fc, Emir gan, Emlak Bank Konutlar\u0131, Emniyet Mah. Altuni zade, Eren k\u00f6y, Eren k\u00f6y Esat Caddesi, Esat pa\u015fa, Esen kent, Esenler, Esen tepe, Esen yal\u0131, Esen yurt, Esen yurt Esen kent, Ethem efendi Cadde bostan, Erenk\u00f6y, Etiler, Ey\u00fcp, Fatih ,<br \/>\nFener, Fenerbah\u00e7e, Fener yolu, Ferah Mahallesi , Ferah evler, Feri k\u00f6y, Fetih Mahallesi, F\u0131nd\u0131kl\u0131, F\u0131nd\u0131k zade, Fikir tepe, Firuz k\u00f6y, Florya, Fulya,,<br \/>\nGalatasaray, Gayret tepe, Gazi osman pa\u015fa, G\u00f6ksu, G\u00f6kt\u00fcrk Beldesi , G\u00f6z tepe, G\u00fclsuyu, G\u00fcl tepe , G\u00fcm\u00fc\u015f suyu, G\u00fcne\u015fli, G\u00fcne\u015fli, G\u00fcng\u00f6ren, G\u00fczelce, G\u00fczel yal\u0131,,<br \/>\nHad\u0131m k\u00f6y, Hal\u0131c\u0131 o\u011flu, Halkal\u0131, Halkal\u0131 Toplu Konutlar, Harbiye , Harem, Hasan pa\u015fa, Hask\u00f6y, Havuz ba\u015f\u0131, Haydarpa\u015fa, Hazne dar, Hisar \u00fcst\u00fc, Hoca pa\u015fa,,<br \/>\n\u0130\u00e7eren k\u00f6y, \u0130\u00e7eren k\u00f6y \u0130\u00e7meler, \u0130deal tepe, \u0130hlas Marmara Evleri 1, \u0130hlas Marmara Evleri 2, \u0130ki telli, \u0130ncesu, \u0130ncirli, \u0130nkilap Mahallesi, \u0130stiklal Mahallesi, \u0130stinye,,<br \/>\nKabata\u015f, Kad\u0131k\u00f6y, Ka\u011f\u0131thane, Kalam\u0131\u015f, Kanarya,Kandilli, Kanl\u0131ca, Kara g\u00fcmr\u00fck, Kara k\u00f6y, Kartal, Pendik, Kas\u0131m pa\u015fa , Kavac\u0131k, Kay\u0131\u015f da\u011f\u0131, Kazasker, Kazl\u0131 \u00e7e\u015fme, Kemer alt\u0131, Kemer burgaz, K\u0131nal\u0131 ada, K\u0131s\u0131kl\u0131, K\u0131z\u0131l toprak,Kilyos, Kirazl\u0131 k\u00f6y\u00fc, Kirazl\u0131 tepe, Kire\u00e7 burnu, Koca M.pa\u015fa, Kocasinan, Ko\u015fu yolu, Koz yata\u011f\u0131, Kuleli, Kum kap\u0131, Kurfall\u0131, Kurt k\u00f6y, Kurtulu\u015f, Ku\u015f tepe , Kuzguncuk, K\u00fc\u00e7\u00fck K\u00fc\u00e7\u00fck \u00e7ekmece, K\u00fc\u00e7\u00fck k\u00f6y, K\u00fc\u00e7\u00fck su, K\u00fc\u00e7\u00fck yal\u0131, K\u00fcpl\u00fcce,,<br \/>\nLaleli, Langa, Levent, Levaz\u0131m, Yeni Levent, 4.Levent, M.Kemal Mahallesi, Ma\u00e7ka, Maden, Mahmut bey, Maltepe, Maslak, Maslak Darul \u015fafaka, Maslak \u0130T\u00dc, Mecidiyek\u00f6y, Mecidiyek\u00f6y Ortaklar, Menek\u015fe, Mercan, Merdiven k\u00f6y, Merkez efendi, Merter, Mimar Sinan, Mimar oba, Moda, Mutlu k\u00f6y, Nakka\u015f tepe, Nam\u0131k Kemal Mah, Ni\u015fanca, Ni\u015fan ta\u015f\u0131,,<br \/>\nOk meydan\u0131, Ok meydan\u0131 Perpa, Orta \u00e7e\u015fme, Ortak\u00f6y, Osman bey , \u00d6rnek Mahallesi, Pangalt\u0131, Pa\u015fa bah\u00e7e, Pendik, Plaj Yolu, Polenez k\u00f6y, Rahmanlar, Rami, Rasim pa\u015fa, Re\u015fit pa\u015fa, Rumeli hisar\u0131, Rumeli kava\u011f\u0131, R\u00fczgarl\u0131 bah\u00e7e,,<br \/>\nSa\u011fmalc\u0131lar, Sahray\u0131 cedid, Salacak, Sal\u0131pazar\u0131, Saman d\u0131ra, Samatya, Sanayi Mahallesi, Sar\u0131 gazi, Sar\u0131yer, Sefa k\u00f6y, Selami \u00e7e\u015fme, Selimiye, Seyran tepe, S\u0131ra selviler, Silivri, Silivri kap\u0131, Sinan oba, Sirkeci, Siyavu\u015f pa\u015fa, So\u011fanl\u0131, So\u011fanl\u0131k, So\u011fuksu, Suadiye, Sultan Ahmet, Sultanbeyli, Sultan \u00e7iftli\u011fi, Sultan hamam, S\u00fctl\u00fcce, \u015ea\u015fk\u0131n bakkal, \u015eehremini, \u015eehzade pa\u015fa, \u015eeyhli, \u015eile, \u015eirinev ler, \u015ei\u015fhane, \u015ei\u015fli, Tahta kale, Taksim, Tarabya, Tarla ba\u015f\u0131, Telsizler, Tepe Kent, Tepe ba\u015f\u0131, Tepe k\u00f6y, Te\u015fvikiye, Tokat k\u00f6y, Top\u00e7ular, Tophane, Topkap\u0131, Top selvi, Tozkoparan, Tuzla, T\u00fcccar ba\u015f\u0131,,<br \/>\nU\u011fur Mumcu, Ulus, Un kapan\u0131, \u00dcmraniye, \u00dcmraniye Ata Mahallesi, \u00dcnalan, \u00dcsk\u00fcdar, \u00dcst Kaynarca, Vani k\u00f6y, Vefa, Veli efendi, Yakac\u0131k, Yakuplu, Yal\u0131 k\u00f6y, Yalova, Yavuz t\u00fcrk, Yayalar, Yayla, Yedi kule, Yeni Mahalle, Yeni bosna, Yeni k\u00f6y, Yeni sahra, Yeni\u015fehir Soyak, Ye\u015fil k\u00f6y, Ye\u015fil k\u00f6y THY, Ye\u015filyurt, Yukar\u0131 Dudullu, Y\u00fczy\u0131l, Zekeriya k\u00f6y, Zeytinburnu, Zincirli kuyu, Ziverbey, Z\u00fcmr\u00fct evler, Z\u00fcmr\u00fct pa\u015fa. E\u011fitim verdi\u011fimiz yerler aras\u0131ndad\u0131r.<\/p>\n<p><img decoding=\"async\" loading=\"lazy\" class=\"Direksiyon dersi aligncenter\" src=\"http:\/\/direksiyonkursu.com\/dosyalar\/direksiyon-dersi-banka-karti.jpg\" alt=\"banka kartlar\u0131\" width=\"600\" height=\"30\" \/><\/p>\n<p style=\"text-align: center;\"><b>KRED\u0130 KARTINA 10 TAKS\u0130T UYGULANIR.<\/b><\/p>\n","protected":false},"excerpt":{"rendered":"<p>\u0130stanbul&#8217;un Anadolu ve Avrupa Yakas\u0131nda Direksiyon Dersi Veriyoruz. Be\u015fikta\u015f, Sar\u0131yer Direksiyon Dersi Bu b\u00f6lgede \u00a0e\u011fitim alacak arkada\u015flarla yolculu\u011fumuz Barbaros bulvar\u0131 ba\u015flang\u0131c\u0131 \u00fczerinde ba\u015flar. Conrad otel Y\u0131ld\u0131z Teknik \u00dcniversitesi civar\u0131 duru\u015f kalk\u0131\u015f vites \u00e7al\u0131\u015fmalar\u0131 yap\u0131l\u0131r. \u0130lk yar\u0131m saatlik dilim bu civarda arac\u0131 tan\u0131ma ve al\u0131\u015ft\u0131rmalar yap\u0131ld\u0131ktan sonra Barbaros bulvar\u0131ndan Zincirli kuyu istikametine yolculuk ba\u015flar. S\u00fcr\u00fcc\u00fcn\u00fcn durumuna &hellip; <\/p>\n<p><a class=\"more-link btn\" href=\"https:\/\/www.uzmandireksiyondersi.net\/?page_id=218\">Continue reading<\/a><\/p>\n","protected":false},"author":1,"featured_media":0,"parent":0,"menu_order":0,"comment_status":"closed","ping_status":"closed","template":"","meta":[],"_links":{"self":[{"href":"https:\/\/www.uzmandireksiyondersi.net\/index.php?rest_route=\/wp\/v2\/pages\/218"}],"collection":[{"href":"https:\/\/www.uzmandireksiyondersi.net\/index.php?rest_route=\/wp\/v2\/pages"}],"about":[{"href":"https:\/\/www.uzmandireksiyondersi.net\/index.php?rest_route=\/wp\/v2\/types\/page"}],"author":[{"embeddable":true,"href":"https:\/\/www.uzmandireksiyondersi.net\/index.php?rest_route=\/wp\/v2\/users\/1"}],"replies":[{"embeddable":true,"href":"https:\/\/www.uzmandireksiyondersi.net\/index.php?rest_route=%2Fwp%2Fv2%2Fcomments&post=218"}],"version-history":[{"count":1,"href":"https:\/\/www.uzmandireksiyondersi.net\/index.php?rest_route=\/wp\/v2\/pages\/218\/revisions"}],"predecessor-version":[{"id":306,"href":"https:\/\/www.uzmandireksiyondersi.net\/index.php?rest_route=\/wp\/v2\/pages\/218\/revisions\/306"}],"wp:attachment":[{"href":"https:\/\/www.uzmandireksiyondersi.net\/index.php?rest_route=%2Fwp%2Fv2%2Fmedia&parent=218"}],"curies":[{"name":"wp","href":"https:\/\/api.w.org\/{rel}","templated":true}]}}