{"id":22,"date":"2017-07-29T16:57:44","date_gmt":"2017-07-29T13:57:44","guid":{"rendered":"http:\/\/uzmandireksiyondersi.net\/uzmandireksiyondersi\/?page_id=22"},"modified":"2019-03-29T17:22:57","modified_gmt":"2019-03-29T17:22:57","slug":"bayansurucu","status":"publish","type":"page","link":"https:\/\/www.uzmandireksiyondersi.net\/?page_id=22","title":{"rendered":"Bayan S\u00fcr\u00fcc\u00fc"},"content":{"rendered":"<h1 style=\"text-align: left;\">Bayan Hocadan Bayanlara Direksiyon Dersi<\/h1>\n<p style=\"text-align: left;\">Tecr\u00fcbeli bayan \u00f6\u011fretmenimizden \u0130stanbul&#8217;da \u00f6zel direksiyon dersi.<\/p>\n<p style=\"text-align: left;\">\u0130stanbul&#8217;da\u00a0<b>bayan hocadan ders<\/b>\u00a0almak isterseniz tecr\u00fcbeli bayan \u00f6\u011fretmenlerimizle hizmetinizdeyiz.<\/p>\n<p style=\"text-align: left;\">Bayan \u00d6\u011fretmenlerimizle sizi k\u0131sa s\u00fcrede \u0130stanbul \u015fehir trafi\u011fine haz\u0131rl\u0131yoruz. Profesyonel Uzman E\u011fitmenlerimiz ile sizleri her t\u00fcrl\u00fc trafikte kendi araban\u0131z\u0131 kullanabilir duruma getiriyoruz.<\/p>\n<p style=\"text-align: left;\">1993&#8217;ten bu g\u00fcne, 50.000&#8217;i a\u015fk\u0131n s\u00fcr\u00fcc\u00fc e\u011fitmenin deneyimi ve tecr\u00fcbesiyle hizmetinizdeyiz.<\/p>\n<p style=\"text-align: left;\">\u00d6zel Direksiyon Dersindeki tecr\u00fcbemize g\u00fcvenebilirsiniz<\/p>\n<p style=\"text-align: left;\"><img decoding=\"async\" loading=\"lazy\" class=\"size-full wp-image-235 aligncenter\" src=\"http:\/\/uzmandireksiyondersi.net\/uzmandireksiyondersi\/wp-content\/uploads\/2017\/07\/direksiyon-dersi-iletisim.jpg\" alt=\"\" width=\"250\" height=\"225\" \/><\/p>\n<p style=\"text-align: left;\"><strong>Telefonlar: 0212 217 29 11 &#8211; 0532 512 17 72 &#8211; 0 542 622 20 33<\/strong><\/p>\n<h2 style=\"text-align: left;\" title=\"Bayandan direksiyon dersi\"><\/h2>\n<h2 style=\"text-align: left;\" title=\"Bayandan direksiyon dersi\"><\/h2>\n<h2 style=\"text-align: left;\" title=\"Bayandan direksiyon dersi\"><\/h2>\n<h2 style=\"text-align: left;\" title=\"Bayandan direksiyon dersi\"><\/h2>\n<h2 style=\"text-align: left;\" title=\"Bayandan direksiyon dersi\">BAYANDAN BAYANA D\u0130REKS\u0130YON DERS\u0130<\/h2>\n<p style=\"text-align: left;\">Otomatik Vites Arac\u0131m\u0131z mevcuttur. 2014 Model Toyota Yaris 1 Adet.<br \/>\nOtomatik Vites Arac\u0131m\u0131z mevcuttur. 2014 Model Renault Clio \u0130con 3 Adet E\u011fitim Ara\u00e7lar\u0131m\u0131z 2014 model 5 adet vitesli 4 adet otomatik Toplam 9 Adet ve klimal\u0131d\u0131r.<br \/>\n\u0130steyen bayan \u00f6\u011frencilerimize\u00a0<b>bayan \u00f6\u011fretmen<\/b>.<\/p>\n<p style=\"text-align: left;\">E\u011fitim s\u00fcresince adresten al\u0131p adrese b\u0131rakma hizmeti.<br \/>\n\u015eehir trafi\u011finde ara\u00e7 kullanma e\u011fitimi.<br \/>\nE\u011fitim ara\u00e7lar\u0131m\u0131z \u00f6zel tertibatl\u0131 2014 Model Manuel &#8211; ve Otomatik Vites dir.<br \/>\nE\u011fitimi ara\u00e7lar\u0131m\u0131zla profesyonel dersler.<br \/>\n\u0130steyen kursiyerlere\u00a0<u>kendi ara\u00e7lar\u0131yla<\/u>e\u011fitim imkan\u0131.<\/p>\n<h3 style=\"text-align: left;\">Bayan Hocadan Otomatik Vites Direksiyon Dersi<\/h3>\n<p style=\"text-align: left;\">Ki\u015fisel ara\u00e7 kullan\u0131m\u0131 \u00f6ncesi ki\u015fi s\u00fcr\u00fcc\u00fc kursu i\u00e7erisinde gerekli teorik ve pratik e\u011fitimi al\u0131p belirli bir periyot sonras\u0131nda s\u0131navlardan ge\u00e7er not alarak temel bilgilere sahip oldu\u011funu kan\u0131tlamaktad\u0131r. Her ne kadar arac\u0131n kontrol edilmesi ve trafik i\u00e7erisinde seyahat i\u00e7in bu bilgiler yeterli gibi g\u00f6r\u00fcnse de, \u00e7o\u011fu tecr\u00fcbesiz s\u00fcr\u00fcc\u00fc, kursun kendilerine sundu\u011fu ara\u00e7tan farkl\u0131 bir araca ge\u00e7ti\u011finde garipseme ya\u015famaktad\u0131r. Bunun yan\u0131 s\u0131ra \u00f6nceden belirlenmi\u015f e\u011fitim parkurlar\u0131ndan \u00e7\u0131karak \u015fehir i\u00e7i veya d\u0131\u015f\u0131 trafi\u011fine at\u0131lan s\u00fcr\u00fcc\u00fcler, \u00e7o\u011fu zaman ara\u00e7 kullanma konusunda yeni olduklar\u0131ndan dolay\u0131 heyecan ya\u015famakta ve de\u011fi\u015fik b\u00fcy\u00fckl\u00fcklerde kazalara mahal verebilmektedirler. Bu tarz istenmeyen olaylar\u0131n ya\u015fanmamas\u0131 i\u00e7in s\u00fcr\u00fcc\u00fc belgesi al\u0131nd\u0131ktan sonra trafi\u011fe \u00e7\u0131kmadan \u00f6nce ki\u015finin uzman Bayan Hocadan Otomatik Vites Direksiyon Dersi hizmetinden faydalanmas\u0131 b\u00fcy\u00fck \u00f6nem kazanmaktad\u0131r.<\/p>\n<p style=\"text-align: left;\">\u00c7o\u011fu yeni s\u00fcr\u00fcc\u00fc i\u00e7in otomatik vitesli arabalar yaln\u0131zca gaz ve frenden olu\u015fan basit ara\u00e7lar gibi g\u00f6r\u00fclseler de, trafikte g\u00fcvenli ve rahat bi\u00e7imde seyahat etmenin anahtar\u0131 vites de\u011fi\u015ftirmekten veya bunu otomati\u011fe almaktan olduk\u00e7a farkl\u0131d\u0131r. Kendi arac\u0131n\u0131 oldu\u011fu kadar \u00e7evredeki ara\u00e7lar\u0131 da g\u00f6zlemleme, kurallara tam\u0131 tam\u0131na uyma, yayalar\u0131n hareketlerine \u00f6zen g\u00f6sterme gibi konular da s\u00fcr\u00fcc\u00fc olman\u0131n ana par\u00e7alar\u0131 aras\u0131nda bulunsa da, maalesef k\u0131s\u0131tl\u0131 zaman nedeni ile ehliyet kurslar\u0131nda bu tarz pratikler yo\u011funlukla ger\u00e7ekle\u015ftirilememektedir. Bayan Hocadan Otomatik Vites Direksiyon Dersi hizmetinde ise e\u011fitim tamam\u0131 ile e\u011fitmen ve \u00f6\u011frenci aras\u0131nda ger\u00e7ekle\u015fti\u011finden, s\u00fcr\u00fcc\u00fcn\u00fcn kar\u015f\u0131la\u015ft\u0131\u011f\u0131 herhangi bir problem, ortadan giderilinceye kadar irdelenmekte ve bu durumun sonucunda kar\u015f\u0131l\u0131kl\u0131 memnuniyet ya\u015fanmaktad\u0131r.<\/p>\n<p style=\"text-align: left;\"><img decoding=\"async\" loading=\"lazy\" class=\"size-full wp-image-236 alignleft\" src=\"http:\/\/uzmandireksiyondersi.net\/uzmandireksiyondersi\/wp-content\/uploads\/2017\/07\/kursucom-sol3.gif\" alt=\"\" width=\"187\" height=\"210\" \/><\/p>\n<h3 style=\"text-align: left;\">Otomatik Vites Ara\u00e7la \u00d6zel Direksiyon Dersi Bayandan<\/h3>\n<p style=\"text-align: left;\">En s\u0131k kullan\u0131lan ula\u015f\u0131m arac\u0131 olan otomobiller g\u00fcn ge\u00e7tik\u00e7e daha \u00e7ok ki\u015fi taraf\u0131ndan kullan\u0131lmakta. Bu durumun ba\u015fl\u0131ca sebeplerinden biri kara yollar\u0131 ile hemen her noktaya ula\u015f\u0131m imkan\u0131n\u0131n olmas\u0131. Bu ba\u011flamda, kara yollar\u0131nda ara\u00e7 kullanacak ki\u015filerin s\u0131k\u0131 bir e\u011fitimden ge\u00e7meleri ve trafi\u011fe al\u0131\u015fmalar\u0131 \u015fart. S\u00fcr\u00fcc\u00fclerin ehliyet al\u0131rken zorland\u0131klar\u0131 veya bir s\u00fcre sonra unuttuklar\u0131 kabiliyetlerin ba\u015f\u0131nda ise direksiyona hakimiyet geliyor. Direksiyon, arac\u0131 y\u00f6nlendiren ve unutulmas\u0131 en kolay ehliyet bile\u015fenlerinden biri oldu\u011fu i\u00e7in temelinin sa\u011flam al\u0131nmas\u0131 ve bol pratik yap\u0131lmas\u0131 \u015fart. Otomatik Vites Ara\u00e7la \u00d6zel Direksiyon Dersi civar\u0131nda bu konuda yard\u0131m alabilece\u011finiz bir\u00e7ok kurum mevcut.<\/p>\n<p style=\"text-align: left;\">\u00d6ncelikle otomatik vitesli bir arac\u0131n d\u00fcz vitesli bir araca g\u00f6re \u00fcst\u00fcnl\u00fcklerini ele almakta fayda var. D\u00fcz vitesli ara\u00e7lar ki\u015filerin daha fazla say\u0131da uzvuyla ilerledi\u011finden ki\u015filer a\u00e7\u0131s\u0131ndan yorucu bir tecr\u00fcbedir. Bir yandan gaz, debriyaj ve fren pedallar\u0131yla bo\u011fu\u015furken di\u011fer yandan direksiyona hakim olmak ve vites kolu ile manevralar yapmak ki\u015filer i\u00e7in sorun yaratabilir. Otomatik vitesli ara\u00e7larda ise, debriyaj pedal\u0131 ve klasik anlamda vites kolu yoktur. Bu da daha az \u00e7aba sarf\u0131yla ayn\u0131 mesafe yolu almak demektir. Direksiyon konusunda al\u0131nan \u00f6zel ders otomatik vitesli bir ara\u00e7la ger\u00e7ekle\u015ftirildi\u011fi zaman \u00e7ok daha verimli sonu\u00e7lar al\u0131nabilir. \u00c7\u00fcnk\u00fc, araba kullanma yetisinin kazan\u0131lmas\u0131 yeni ba\u015flayan ki\u015filer i\u00e7in karma\u015f\u0131k bir s\u00fcre\u00e7tir. Bu durumu kolay hale getirebilmek i\u00e7in ise v\u00fccut hareketlerinin olabildi\u011fince az karma\u015f\u0131k ve efor gerektirmeyen hale getirilmesi gerekir. Otomatik Vites Ara\u00e7la \u00d6zel Direksiyon Dersi alternatiflerinden birini de\u011ferlendirerek bu tecr\u00fcbeyi daha da kolay hale getirmeniz m\u00fcmk\u00fcn.<\/p>\n<h3 style=\"text-align: left;\">Otomatik Vitesle Bayandan Direksiyon Dersi<\/h3>\n<p style=\"text-align: left;\">G\u00fcn\u00fcm\u00fczde artan ula\u015f\u0131m imkanlar\u0131 sebebiyle \u00f6zellikle kara yolu ula\u015f\u0131m\u0131nda b\u00fcy\u00fck geli\u015fmeler sa\u011flanm\u0131\u015f durumda. Hava yolu, demir yolu ve deniz yolu arac\u0131l\u0131\u011f\u0131yla ula\u015f\u0131lamayan pek \u00e7ok b\u00f6lgeye kara yolu ile ula\u015f\u0131m rahatl\u0131kla sa\u011flanabilmekte. Bu durum da otomobillere olan ihtiyac\u0131 ve gereklili\u011fi b\u00fcy\u00fck oranda artt\u0131rm\u0131\u015f durumda. Trafik ak\u0131\u015f\u0131 baz\u0131 ki\u015filer taraf\u0131ndan olumsuz say\u0131labilecek durumlara yol a\u00e7makta. Kimisi trafi\u011fe \u00e7\u0131kmaktan korkarken, kimileri trafi\u011fe ad\u0131m att\u0131\u011f\u0131nda baz\u0131 endi\u015felere sahip olur ve bunlar\u0131n \u00fcstesinden gelinmesi gerekir.<\/p>\n<p style=\"text-align: left;\">Baz\u0131 durumlarda ise daha \u00f6nceden bir hevesle ehliyet alm\u0131\u015f olan ki\u015filerin bir s\u00fcre sonra vites ve direksiyonla ilgili ayr\u0131nt\u0131lar\u0131 unuttuklar\u0131 g\u00f6r\u00fcl\u00fcr. Bu gibi s\u0131k\u0131nt\u0131larla kar\u015f\u0131la\u015fan ki\u015filerin ise \u00f6nceden \u00f6\u011frendiklerini tazelemek amac\u0131yla Otomatik Vitesle Direksiyon Dersi alternatiflerinden birini de\u011ferlendirmeleri yararlar\u0131na olabilir.<\/p>\n<p style=\"text-align: left;\">Otomatik vitesle ara\u00e7 s\u00fcrmenin normal vitesli bir ara\u00e7 kullanmaya g\u00f6re bir\u00e7ok kolayl\u0131\u011f\u0131 ve avantaj\u0131 vard\u0131r. Bu y\u00fczden, trafi\u011fe \u00e7\u0131kmakla ilgili endi\u015fe veya korku ya\u015fayan ki\u015filer i\u00e7in genellikle otomatik vitesli bir ara\u00e7 kullanmalar\u0131 tavsiye edilir. Otomatik vitesli ara\u00e7larda h\u0131zlan\u0131p yava\u015flarken vites de\u011fi\u015ftirmek i\u00e7in ek olarak \u00e7aba sarf edilmesi gerekmez. Bu durum da araba kullan\u0131m mekani\u011fini sadece gaz ve pedaldan olu\u015fturan basit bir hale getirir. Normal vitesli ara\u00e7larda ise debriyaj da bulunur ve bu durum ek efor ve daha \u00e7ok yanl\u0131\u015f yapma riski demektir. Ayr\u0131ca, d\u00fcz vitesli ara\u00e7lar kullanmak y\u00fcksek el g\u00f6z koordinasyonu becerisi gerektirir. Trafi\u011fe \u00e7\u0131kt\u0131\u011f\u0131nda endi\u015fe ya\u015fayan veya trafikte hen\u00fcz yeni olan ki\u015filerin bu becerileri yeterli seviyelerde olmayabilir. Bu durum ise kazalar\u0131n ba\u015fl\u0131ca sebepleri aras\u0131nda yer alabilir. Bu y\u00fczden, ehliyet almay\u0131 yeni hedefleyen veya eskiden bir ehliyet alm\u0131\u015f olup bir t\u00fcrl\u00fc trafi\u011fe \u00e7\u0131kamayan ki\u015filerin Otomatik Vitesle Direksiyon Dersi olanaklar\u0131ndan haberdar olmalar\u0131 gerekir.<\/p>\n<p style=\"text-align: left;\"><b>&#8211; S\u00fcr\u00fc\u015f Keyfini Bizimle Ya\u015fay\u0131n. Yollardaki G\u00fcvenli K\u0131lavuzunuz Biz Olal\u0131m Sizi Hayata G\u00fcvenle Ba\u011flayal\u0131m.<\/b><\/p>\n","protected":false},"excerpt":{"rendered":"<p>Bayan Hocadan Bayanlara Direksiyon Dersi Tecr\u00fcbeli bayan \u00f6\u011fretmenimizden \u0130stanbul&#8217;da \u00f6zel direksiyon dersi. \u0130stanbul&#8217;da\u00a0bayan hocadan ders\u00a0almak isterseniz tecr\u00fcbeli bayan \u00f6\u011fretmenlerimizle hizmetinizdeyiz. Bayan \u00d6\u011fretmenlerimizle sizi k\u0131sa s\u00fcrede \u0130stanbul \u015fehir trafi\u011fine haz\u0131rl\u0131yoruz. Profesyonel Uzman E\u011fitmenlerimiz ile sizleri her t\u00fcrl\u00fc trafikte kendi araban\u0131z\u0131 kullanabilir duruma getiriyoruz. 1993&#8217;ten bu g\u00fcne, 50.000&#8217;i a\u015fk\u0131n s\u00fcr\u00fcc\u00fc e\u011fitmenin deneyimi ve tecr\u00fcbesiyle hizmetinizdeyiz. \u00d6zel Direksiyon &hellip; <\/p>\n<p><a class=\"more-link btn\" href=\"https:\/\/www.uzmandireksiyondersi.net\/?page_id=22\">Continue reading<\/a><\/p>\n","protected":false},"author":1,"featured_media":0,"parent":0,"menu_order":0,"comment_status":"closed","ping_status":"closed","template":"","meta":[],"_links":{"self":[{"href":"https:\/\/www.uzmandireksiyondersi.net\/index.php?rest_route=\/wp\/v2\/pages\/22"}],"collection":[{"href":"https:\/\/www.uzmandireksiyondersi.net\/index.php?rest_route=\/wp\/v2\/pages"}],"about":[{"href":"https:\/\/www.uzmandireksiyondersi.net\/index.php?rest_route=\/wp\/v2\/types\/page"}],"author":[{"embeddable":true,"href":"https:\/\/www.uzmandireksiyondersi.net\/index.php?rest_route=\/wp\/v2\/users\/1"}],"replies":[{"embeddable":true,"href":"https:\/\/www.uzmandireksiyondersi.net\/index.php?rest_route=%2Fwp%2Fv2%2Fcomments&post=22"}],"version-history":[{"count":2,"href":"https:\/\/www.uzmandireksiyondersi.net\/index.php?rest_route=\/wp\/v2\/pages\/22\/revisions"}],"predecessor-version":[{"id":322,"href":"https:\/\/www.uzmandireksiyondersi.net\/index.php?rest_route=\/wp\/v2\/pages\/22\/revisions\/322"}],"wp:attachment":[{"href":"https:\/\/www.uzmandireksiyondersi.net\/index.php?rest_route=%2Fwp%2Fv2%2Fmedia&parent=22"}],"curies":[{"name":"wp","href":"https:\/\/api.w.org\/{rel}","templated":true}]}}