{"id":220,"date":"2017-09-27T01:17:53","date_gmt":"2017-09-26T22:17:53","guid":{"rendered":"http:\/\/uzmandireksiyondersi.net\/uzmandireksiyondersi\/?page_id=220"},"modified":"2019-03-29T15:24:44","modified_gmt":"2019-03-29T15:24:44","slug":"ders-alma-periyotlari","status":"publish","type":"page","link":"https:\/\/www.uzmandireksiyondersi.net\/?page_id=220","title":{"rendered":"Ders Alma Periyotlar\u0131"},"content":{"rendered":"<h1 style=\"text-align: center;\">Hangi Aylarda Direksiyon Kursu Almal\u0131y\u0131z.<\/h1>\n<p>\u015e\u00fcphesiz ki bahar\u0131n ba\u015flang\u0131\u00e7 ay\u0131 olan Nisan da ders almak en elveri\u015fli bir ba\u015flang\u0131\u00e7 olacakt\u0131r. Bahar ay\u0131 do\u011fay\u0131 canland\u0131ran bir ay ve ayn\u0131 zamanda insanlara huzur umut veren bir ay oldu\u011fundan direksiyon kursu almak araba kullanmay\u0131 \u00f6\u011frenecekler i\u00e7in s\u00fcper bir ba\u015flang\u0131\u00e7t\u0131r.<\/p>\n<p>May\u0131s Ay\u0131: G\u00fcne\u015f in yer y\u00fcz\u00fcn\u00fc \u0131s\u0131tmaya ba\u015flad\u0131\u011f\u0131 zaman dilimi olup direksiyon kursuna ba\u015flaman\u0131n m\u00fcsait oldu\u011fu aylardand\u0131r. bu ay da e\u011fitime ba\u015flayanlar \u00f6\u011frenme s\u00fcreci bitti\u011finde tatil planlar\u0131n\u0131 yap\u0131p kendi ara\u00e7lar\u0131yla yolculuk yapabilirler.<\/p>\n<p>Haziran Ay\u0131: Art\u0131k do\u011fa \u0131s\u0131nm\u0131\u015ft\u0131r. a\u011fa\u00e7lar meyvelerini yeni olu\u015fturmaya ba\u015flam\u0131\u015f \u015fehir olanca ye\u015filli\u011fini g\u00f6stermi\u015f t\u00fcm cadde ve sokaklar rengarenk olmu\u015f e\u011fitim alacaklar i\u00e7in keyifli s\u00fcr\u00fc\u015f dersleri olacakt\u0131r.<\/p>\n<p>Temmuz, A\u011fustos aylar\u0131nda ders almak insanlar\u0131n bir \u00e7o\u011fu tatil b\u00f6lgelerine \u00e7ekilmi\u015ftir. Cadde ve sokaklar trafik a\u00e7\u0131s\u0131ndan hemen hemen bo\u015falm\u0131\u015ft\u0131r. Bu aylarda e\u011fitim alanlar \u015fehrin hemen hemen t\u00fcm cadde ve sokaklar\u0131nda s\u00fcr\u00fc\u015f e\u011fitimi yapabilirler.<\/p>\n<p>Eyl\u00fcl ve Ekim aylar\u0131nda e\u011fitime ba\u015flamak isteyenler art\u0131k ya\u011fmurlar ba\u015flam\u0131\u015f olup silecekler \u00e7al\u0131\u015facak su birikintilerinden ge\u00e7ilecek frenlemeler ve takip mesafelerine dikkat edilecek ve sisle m\u00fccadele edilecek aylard\u0131r. Trafikte ara\u00e7 kullanacaklar i\u00e7in \u00f6\u011frenmenin tam ger\u00e7ekle\u015fece\u011fi aylard\u0131r.<\/p>\n<p>Kas\u0131m, Aral\u0131k, Ocak, \u015eubat ve Mart aylar\u0131, Bu aylarda kar ya\u011f\u0131\u015f\u0131 zaman zaman ya\u011fmakta olup ders alacaklar\u0131 zorlu ko\u015fullarda ara\u00e7 kullanma tekniklerinin \u00f6\u011fretildi\u011fi aylard\u0131r. Bu aylar i\u00e7in de e\u011fitim alanlar her t\u00fcrl\u00fc hava ve yol ko\u015fullar\u0131nda ara\u00e7lar\u0131n\u0131 zorlanmadan kullanabilirler.<\/p>\n<h3 style=\"text-align: center;\">\u0130leri S\u00fcr\u00fc\u015f Teknikleri Uzman\u0131 \u0130smail Yula<\/h3>\n","protected":false},"excerpt":{"rendered":"<p>Hangi Aylarda Direksiyon Kursu Almal\u0131y\u0131z. \u015e\u00fcphesiz ki bahar\u0131n ba\u015flang\u0131\u00e7 ay\u0131 olan Nisan da ders almak en elveri\u015fli bir ba\u015flang\u0131\u00e7 olacakt\u0131r. Bahar ay\u0131 do\u011fay\u0131 canland\u0131ran bir ay ve ayn\u0131 zamanda insanlara huzur umut veren bir ay oldu\u011fundan direksiyon kursu almak araba kullanmay\u0131 \u00f6\u011frenecekler i\u00e7in s\u00fcper bir ba\u015flang\u0131\u00e7t\u0131r. May\u0131s Ay\u0131: G\u00fcne\u015f in yer y\u00fcz\u00fcn\u00fc \u0131s\u0131tmaya ba\u015flad\u0131\u011f\u0131 zaman &hellip; <\/p>\n<p><a class=\"more-link btn\" href=\"https:\/\/www.uzmandireksiyondersi.net\/?page_id=220\">Continue reading<\/a><\/p>\n","protected":false},"author":1,"featured_media":0,"parent":0,"menu_order":0,"comment_status":"closed","ping_status":"closed","template":"","meta":[],"_links":{"self":[{"href":"https:\/\/www.uzmandireksiyondersi.net\/index.php?rest_route=\/wp\/v2\/pages\/220"}],"collection":[{"href":"https:\/\/www.uzmandireksiyondersi.net\/index.php?rest_route=\/wp\/v2\/pages"}],"about":[{"href":"https:\/\/www.uzmandireksiyondersi.net\/index.php?rest_route=\/wp\/v2\/types\/page"}],"author":[{"embeddable":true,"href":"https:\/\/www.uzmandireksiyondersi.net\/index.php?rest_route=\/wp\/v2\/users\/1"}],"replies":[{"embeddable":true,"href":"https:\/\/www.uzmandireksiyondersi.net\/index.php?rest_route=%2Fwp%2Fv2%2Fcomments&post=220"}],"version-history":[{"count":1,"href":"https:\/\/www.uzmandireksiyondersi.net\/index.php?rest_route=\/wp\/v2\/pages\/220\/revisions"}],"predecessor-version":[{"id":304,"href":"https:\/\/www.uzmandireksiyondersi.net\/index.php?rest_route=\/wp\/v2\/pages\/220\/revisions\/304"}],"wp:attachment":[{"href":"https:\/\/www.uzmandireksiyondersi.net\/index.php?rest_route=%2Fwp%2Fv2%2Fmedia&parent=220"}],"curies":[{"name":"wp","href":"https:\/\/api.w.org\/{rel}","templated":true}]}}