{"id":26,"date":"2017-07-29T16:58:21","date_gmt":"2017-07-29T13:58:21","guid":{"rendered":"http:\/\/uzmandireksiyondersi.net\/uzmandireksiyondersi\/?page_id=26"},"modified":"2019-03-29T15:31:38","modified_gmt":"2019-03-29T15:31:38","slug":"iletisim","status":"publish","type":"page","link":"https:\/\/www.uzmandireksiyondersi.net\/?page_id=26","title":{"rendered":"\u0130LET\u0130\u015e\u0130M"},"content":{"rendered":"<p style=\"text-align: center;\"><img decoding=\"async\" loading=\"lazy\" class=\"aligncenter wp-image-472\" src=\"http:\/\/www.er-na.com.tr\/elektrik-elektronik\/wp-content\/uploads\/2017\/09\/bildiirim.png\" alt=\"\" width=\"15\" height=\"24\"><\/p>\n<p style=\"text-align: center;\"><img decoding=\"async\" loading=\"lazy\" class=\"aligncenter wp-image-259\" src=\"http:\/\/uzmandireksiyondersi.net\/uzmandireksiyondersi\/wp-content\/uploads\/2017\/07\/bildiirim.png\" alt=\"\" width=\"40\" height=\"64\"><\/p>\n<p style=\"text-align: center;\">&nbsp;\u0130zzet Pa\u015fa Mahallesi&nbsp;Yeni Yol Caddesi No:14 Kat:2 D:3-4<\/p>\n<p style=\"text-align: center;\">\u0130STANBUL-\u015e\u0130\u015eL\u0130<\/p>\n<p style=\"text-align: center;\"><img decoding=\"async\" loading=\"lazy\" class=\"aligncenter wp-image-257\" src=\"http:\/\/uzmandireksiyondersi.net\/uzmandireksiyondersi\/wp-content\/uploads\/2017\/07\/tel.png\" alt=\"\" width=\"40\" height=\"65\"><img decoding=\"async\" loading=\"lazy\" class=\"wp-image-470 aligncenter\" src=\"http:\/\/www.er-na.com.tr\/elektrik-elektronik\/wp-content\/uploads\/2017\/09\/tel.png\" alt=\"\" width=\"15\" height=\"24\"><\/p>\n<p style=\"text-align: center;\">+(90)212&nbsp;217 29 11<\/p>\n<p style=\"text-align: center;\"><img decoding=\"async\" loading=\"lazy\" class=\"aligncenter wp-image-260\" src=\"http:\/\/uzmandireksiyondersi.net\/uzmandireksiyondersi\/wp-content\/uploads\/2017\/07\/cep-tel-no.png\" alt=\"\" width=\"40\" height=\"57\"><\/p>\n<p style=\"text-align: center;\">+(90)532 512 17 72<\/p>\n<p style=\"text-align: center;\">+(90)542 622 20 33<\/p>\n<p style=\"text-align: center;\">+(90)532 551 22 93<\/p>\n<p style=\"text-align: center;\"><img decoding=\"async\" loading=\"lazy\" class=\"aligncenter wp-image-255\" src=\"http:\/\/uzmandireksiyondersi.net\/uzmandireksiyondersi\/wp-content\/uploads\/2017\/07\/mail.png\" alt=\"\" width=\"40\" height=\"30\"><img decoding=\"async\" loading=\"lazy\" class=\"aligncenter wp-image-474\" src=\"http:\/\/www.er-na.com.tr\/elektrik-elektronik\/wp-content\/uploads\/2017\/09\/fax.png\" alt=\"\" width=\"24\" height=\"24\"><\/p>\n<p style=\"text-align: center;\"><img decoding=\"async\" loading=\"lazy\" class=\"wp-image-473 aligncenter\" src=\"http:\/\/www.er-na.com.tr\/elektrik-elektronik\/wp-content\/uploads\/2017\/09\/teknikservis.png\" alt=\"\" width=\"30\" height=\"30\"><\/p>\n<p style=\"text-align: center;\"><img decoding=\"async\" loading=\"lazy\" class=\"aligncenter wp-image-475\" src=\"http:\/\/www.er-na.com.tr\/elektrik-elektronik\/wp-content\/uploads\/2017\/09\/sat\u0131\u015f-pazarlama.png\" alt=\"\" width=\"30\" height=\"33\"><\/p>\n<p style=\"text-align: center;\"><img decoding=\"async\" loading=\"lazy\" class=\"aligncenter wp-image-476\" src=\"http:\/\/www.er-na.com.tr\/elektrik-elektronik\/wp-content\/uploads\/2017\/09\/mail.png\" alt=\"\" width=\"30\" height=\"23\"><strong>iletisim@direksiyonkursu.com<\/strong><\/p>\n<div><iframe loading=\"lazy\" src=\"https:\/\/www.google.com\/maps\/embed?pb=!1m18!1m12!1m3!1d325.4475679011016!2d28.9869569241618!3d41.06782156488234!2m3!1f0!2f0!3f0!3m2!1i1024!2i768!4f13.1!3m3!1m2!1s0x0%3A0xd75acec07c9d74db!2sDireksiyon+Dersi!5e0!3m2!1str!2str!4v1506471597305\" width=\"600\" height=\"567\" frameborder=\"0\" style=\"border:0\" allowfullscreen=\"\"><\/iframe><\/div>\n","protected":false},"excerpt":{"rendered":"<p>&nbsp;\u0130zzet Pa\u015fa Mahallesi&nbsp;Yeni Yol Caddesi No:14 Kat:2 D:3-4 \u0130STANBUL-\u015e\u0130\u015eL\u0130 +(90)212&nbsp;217 29 11 +(90)532 512 17 72 +(90)542 622 20 33 +(90)532 551 22 93 iletisim@direksiyonkursu.com<\/p>\n","protected":false},"author":1,"featured_media":0,"parent":0,"menu_order":0,"comment_status":"closed","ping_status":"closed","template":"","meta":[],"_links":{"self":[{"href":"https:\/\/www.uzmandireksiyondersi.net\/index.php?rest_route=\/wp\/v2\/pages\/26"}],"collection":[{"href":"https:\/\/www.uzmandireksiyondersi.net\/index.php?rest_route=\/wp\/v2\/pages"}],"about":[{"href":"https:\/\/www.uzmandireksiyondersi.net\/index.php?rest_route=\/wp\/v2\/types\/page"}],"author":[{"embeddable":true,"href":"https:\/\/www.uzmandireksiyondersi.net\/index.php?rest_route=\/wp\/v2\/users\/1"}],"replies":[{"embeddable":true,"href":"https:\/\/www.uzmandireksiyondersi.net\/index.php?rest_route=%2Fwp%2Fv2%2Fcomments&post=26"}],"version-history":[{"count":3,"href":"https:\/\/www.uzmandireksiyondersi.net\/index.php?rest_route=\/wp\/v2\/pages\/26\/revisions"}],"predecessor-version":[{"id":318,"href":"https:\/\/www.uzmandireksiyondersi.net\/index.php?rest_route=\/wp\/v2\/pages\/26\/revisions\/318"}],"wp:attachment":[{"href":"https:\/\/www.uzmandireksiyondersi.net\/index.php?rest_route=%2Fwp%2Fv2%2Fmedia&parent=26"}],"curies":[{"name":"wp","href":"https:\/\/api.w.org\/{rel}","templated":true}]}}