{"id":5,"date":"2017-07-29T14:59:13","date_gmt":"2017-07-29T11:59:13","guid":{"rendered":"http:\/\/uzmandireksiyondersi.net\/uzmandireksiyondersi\/?page_id=5"},"modified":"2017-07-29T14:59:13","modified_gmt":"2017-07-29T11:59:13","slug":"uzman-direksiyon-dersi","status":"publish","type":"page","link":"https:\/\/www.uzmandireksiyondersi.net\/?page_id=5","title":{"rendered":"ANA SAYFA"},"content":{"rendered":"<p>[vc_row css=&#8221;.vc_custom_1507059184015{margin-top: -100px !important;margin-right: -220px !important;margin-left: -220px !important;background-color: #00dbdb !important;}&#8221;][vc_column offset=&#8221;vc_hidden-md vc_hidden-sm vc_hidden-xs&#8221;][vc_row_inner css=&#8221;.vc_custom_1507059192376{margin-top: -100px !important;margin-right: 150px !important;margin-left: 150px !important;background-color: #00dbdb !important;}&#8221;][vc_column_inner width=&#8221;1\/4&#8243; offset=&#8221;vc_hidden-md vc_hidden-sm vc_hidden-xs&#8221;][vc_column_text]<\/p>\n<p style=\"text-align: center;\"><img decoding=\"async\" loading=\"lazy\" class=\"aligncenter wp-image-170\" src=\"http:\/\/uzmandireksiyondersi.net\/uzmandireksiyondersi\/wp-content\/uploads\/2017\/09\/logo-300x293.png\" alt=\"\" width=\"190\" height=\"185\" \/>I am text block. Click edit button to change this text. Lorem ipsum dolor sit amet, consectetur adipiscing elit. Ut elit tellus, luctus nec ullamcorper mattis, pulvinar dapibus leo.<\/p>\n<p>[\/vc_column_text][\/vc_column_inner][vc_column_inner width=&#8221;1\/4&#8243;][vc_column_text]<\/p>\n<h3 style=\"text-align: center;\">E\u011e\u0130T\u0130M MERKEZLER\u0130M\u0130Z<\/h3>\n<p>[\/vc_column_text][vc_column_text css=&#8221;.vc_custom_1510780490958{margin-top: -30px !important;}&#8221;]<\/p>\n<p style=\"text-align: center;\"><a href=\"http:\/\/www.direksiyonkursu.com\">\u015ei\u015fli\u00a0Direksiyon Dersi<\/a><\/p>\n<p>[\/vc_column_text][vc_column_text css=&#8221;.vc_custom_1507005449305{margin-top: -30px !important;}&#8221;]<\/p>\n<p style=\"text-align: center;\"><a href=\"http:\/\/uzmandireksiyondersi.net\/uzmandireksiyondersi\/index.php\/2017\/09\/27\/bizden-guncel-haberleri-buradan-takip-edebilirsiniz\/\">\u015ei\u015fli E\u011fitim Mekezimiz<\/a><\/p>\n<p>[\/vc_column_text][vc_column_text css=&#8221;.vc_custom_1507005449305{margin-top: -30px !important;}&#8221;]<\/p>\n<p style=\"text-align: center;\"><a href=\"http:\/\/uzmandireksiyondersi.net\/uzmandireksiyondersi\/index.php\/2017\/09\/27\/bizden-guncel-haberleri-buradan-takip-edebilirsiniz\/\">\u015ei\u015fli E\u011fitim Mekezimiz<\/a><\/p>\n<p>[\/vc_column_text][\/vc_column_inner][vc_column_inner width=&#8221;1\/4&#8243;][vc_column_text]<\/p>\n<h3 style=\"text-align: center;\">E\u011e\u0130T\u0130M MERKEZLER\u0130M\u0130Z<\/h3>\n<p>[\/vc_column_text][vc_column_text css=&#8221;.vc_custom_1507005449305{margin-top: -30px !important;}&#8221;]<\/p>\n<p style=\"text-align: center;\"><a href=\"http:\/\/uzmandireksiyondersi.net\/uzmandireksiyondersi\/index.php\/2017\/09\/27\/bizden-guncel-haberleri-buradan-takip-edebilirsiniz\/\">\u015ei\u015fli E\u011fitim Mekezimiz<\/a><\/p>\n<p>[\/vc_column_text][vc_column_text css=&#8221;.vc_custom_1507005449305{margin-top: -30px !important;}&#8221;]<\/p>\n<p style=\"text-align: center;\"><a href=\"http:\/\/uzmandireksiyondersi.net\/uzmandireksiyondersi\/index.php\/2017\/09\/27\/bizden-guncel-haberleri-buradan-takip-edebilirsiniz\/\">\u015ei\u015fli E\u011fitim Mekezimiz<\/a><\/p>\n<p>[\/vc_column_text][vc_column_text css=&#8221;.vc_custom_1507005449305{margin-top: -30px !important;}&#8221;]<\/p>\n<p style=\"text-align: center;\"><a href=\"http:\/\/uzmandireksiyondersi.net\/uzmandireksiyondersi\/index.php\/2017\/09\/27\/bizden-guncel-haberleri-buradan-takip-edebilirsiniz\/\">\u015ei\u015fli E\u011fitim Mekezimiz<\/a><\/p>\n<p>[\/vc_column_text][\/vc_column_inner][vc_column_inner width=&#8221;1\/4&#8243;][vc_column_text]<\/p>\n<h3 style=\"text-align: center;\">E\u011e\u0130T\u0130M MERKEZLER\u0130M\u0130Z<\/h3>\n<p>[\/vc_column_text][vc_column_text css=&#8221;.vc_custom_1507005449305{margin-top: -30px !important;}&#8221;]<\/p>\n<p style=\"text-align: center;\"><a href=\"http:\/\/uzmandireksiyondersi.net\/uzmandireksiyondersi\/index.php\/2017\/09\/27\/bizden-guncel-haberleri-buradan-takip-edebilirsiniz\/\">\u015ei\u015fli E\u011fitim Mekezimiz<\/a><\/p>\n<p>[\/vc_column_text][vc_column_text css=&#8221;.vc_custom_1507005449305{margin-top: -30px !important;}&#8221;]<\/p>\n<p style=\"text-align: center;\"><a href=\"http:\/\/uzmandireksiyondersi.net\/uzmandireksiyondersi\/index.php\/2017\/09\/27\/bizden-guncel-haberleri-buradan-takip-edebilirsiniz\/\">\u015ei\u015fli E\u011fitim Mekezimiz<\/a><\/p>\n<p>[\/vc_column_text][vc_column_text css=&#8221;.vc_custom_1507005449305{margin-top: -30px !important;}&#8221;]<\/p>\n<p style=\"text-align: center;\"><a href=\"http:\/\/uzmandireksiyondersi.net\/uzmandireksiyondersi\/index.php\/2017\/09\/27\/bizden-guncel-haberleri-buradan-takip-edebilirsiniz\/\">\u015ei\u015fli E\u011fitim Mekezimiz<\/a><\/p>\n<p>[\/vc_column_text][\/vc_column_inner][\/vc_row_inner][\/vc_column][\/vc_row][vc_row css=&#8221;.vc_custom_1507214603991{margin-top: -100px !important;margin-right: 45px !important;margin-left: 45px !important;background-color: #00dbdb !important;}&#8221;][vc_column offset=&#8221;vc_hidden-lg&#8221;][vc_row_inner css=&#8221;.vc_custom_1507214467552{background-color: #00dbdb !important;}&#8221;][vc_column_inner width=&#8221;1\/4&#8243; offset=&#8221;vc_hidden-md vc_hidden-sm vc_hidden-xs&#8221;][vc_column_text]<\/p>\n<p style=\"text-align: center;\"><img decoding=\"async\" loading=\"lazy\" class=\"aligncenter wp-image-170\" src=\"http:\/\/uzmandireksiyondersi.net\/uzmandireksiyondersi\/wp-content\/uploads\/2017\/09\/logo-300x293.png\" alt=\"\" width=\"190\" height=\"185\" \/>I am text block. Click edit button to change this text. Lorem ipsum dolor sit amet, consectetur adipiscing elit. Ut elit tellus, luctus nec ullamcorper mattis, pulvinar dapibus leo.<\/p>\n<p>[\/vc_column_text][\/vc_column_inner][vc_column_inner width=&#8221;1\/4&#8243;][vc_column_text]<\/p>\n<h3 style=\"text-align: center;\">E\u011e\u0130T\u0130M MERKEZLER\u0130M\u0130Z<\/h3>\n<p>[\/vc_column_text][vc_column_text css=&#8221;.vc_custom_1507005449305{margin-top: -30px !important;}&#8221;]<\/p>\n<p style=\"text-align: center;\"><a href=\"http:\/\/uzmandireksiyondersi.net\/uzmandireksiyondersi\/index.php\/2017\/09\/27\/bizden-guncel-haberleri-buradan-takip-edebilirsiniz\/\">\u015ei\u015fli E\u011fitim Mekezimiz<\/a><\/p>\n<p>[\/vc_column_text][vc_column_text css=&#8221;.vc_custom_1507005449305{margin-top: -30px !important;}&#8221;]<\/p>\n<p style=\"text-align: center;\"><a href=\"http:\/\/uzmandireksiyondersi.net\/uzmandireksiyondersi\/index.php\/2017\/09\/27\/bizden-guncel-haberleri-buradan-takip-edebilirsiniz\/\">\u015ei\u015fli E\u011fitim Mekezimiz<\/a><\/p>\n<p>[\/vc_column_text][vc_column_text css=&#8221;.vc_custom_1507005449305{margin-top: -30px !important;}&#8221;]<\/p>\n<p style=\"text-align: center;\"><a href=\"http:\/\/uzmandireksiyondersi.net\/uzmandireksiyondersi\/index.php\/2017\/09\/27\/bizden-guncel-haberleri-buradan-takip-edebilirsiniz\/\">\u015ei\u015fli E\u011fitim Mekezimiz<\/a><\/p>\n<p>[\/vc_column_text][\/vc_column_inner][vc_column_inner width=&#8221;1\/4&#8243;][vc_column_text]<\/p>\n<h3 style=\"text-align: center;\">E\u011e\u0130T\u0130M MERKEZLER\u0130M\u0130Z<\/h3>\n<p>[\/vc_column_text][vc_column_text css=&#8221;.vc_custom_1507005449305{margin-top: -30px !important;}&#8221;]<\/p>\n<p style=\"text-align: center;\"><a href=\"http:\/\/uzmandireksiyondersi.net\/uzmandireksiyondersi\/index.php\/2017\/09\/27\/bizden-guncel-haberleri-buradan-takip-edebilirsiniz\/\">\u015ei\u015fli E\u011fitim Mekezimiz<\/a><\/p>\n<p>[\/vc_column_text][vc_column_text css=&#8221;.vc_custom_1507005449305{margin-top: -30px !important;}&#8221;]<\/p>\n<p style=\"text-align: center;\"><a href=\"http:\/\/uzmandireksiyondersi.net\/uzmandireksiyondersi\/index.php\/2017\/09\/27\/bizden-guncel-haberleri-buradan-takip-edebilirsiniz\/\">\u015ei\u015fli E\u011fitim Mekezimiz<\/a><\/p>\n<p>[\/vc_column_text][vc_column_text css=&#8221;.vc_custom_1507005449305{margin-top: -30px !important;}&#8221;]<\/p>\n<p style=\"text-align: center;\"><a href=\"http:\/\/uzmandireksiyondersi.net\/uzmandireksiyondersi\/index.php\/2017\/09\/27\/bizden-guncel-haberleri-buradan-takip-edebilirsiniz\/\">\u015ei\u015fli E\u011fitim Mekezimiz<\/a><\/p>\n<p>[\/vc_column_text][\/vc_column_inner][vc_column_inner width=&#8221;1\/4&#8243;][vc_column_text]<\/p>\n<h3 style=\"text-align: center;\">E\u011e\u0130T\u0130M MERKEZLER\u0130M\u0130Z<\/h3>\n<p>[\/vc_column_text][vc_column_text css=&#8221;.vc_custom_1507005449305{margin-top: -30px !important;}&#8221;]<\/p>\n<p style=\"text-align: center;\"><a href=\"http:\/\/uzmandireksiyondersi.net\/uzmandireksiyondersi\/index.php\/2017\/09\/27\/bizden-guncel-haberleri-buradan-takip-edebilirsiniz\/\">\u015ei\u015fli E\u011fitim Mekezimiz<\/a><\/p>\n<p>[\/vc_column_text][vc_column_text css=&#8221;.vc_custom_1507005449305{margin-top: -30px !important;}&#8221;]<\/p>\n<p style=\"text-align: center;\"><a href=\"http:\/\/uzmandireksiyondersi.net\/uzmandireksiyondersi\/index.php\/2017\/09\/27\/bizden-guncel-haberleri-buradan-takip-edebilirsiniz\/\">\u015ei\u015fli E\u011fitim Mekezimiz<\/a><\/p>\n<p>[\/vc_column_text][vc_column_text css=&#8221;.vc_custom_1507005449305{margin-top: -30px !important;}&#8221;]<\/p>\n<p style=\"text-align: center;\"><a href=\"http:\/\/uzmandireksiyondersi.net\/uzmandireksiyondersi\/index.php\/2017\/09\/27\/bizden-guncel-haberleri-buradan-takip-edebilirsiniz\/\">\u015ei\u015fli E\u011fitim Mekezimiz<\/a><\/p>\n<p>[\/vc_column_text][\/vc_column_inner][\/vc_row_inner][\/vc_column][\/vc_row]<\/p>\n","protected":false},"excerpt":{"rendered":"<p>[vc_row css=&#8221;.vc_custom_1507059184015{margin-top: -100px !important;margin-right: -220px !important;margin-left: -220px !important;background-color: #00dbdb !important;}&#8221;][vc_column offset=&#8221;vc_hidden-md vc_hidden-sm vc_hidden-xs&#8221;][vc_row_inner css=&#8221;.vc_custom_1507059192376{margin-top: -100px !important;margin-right: 150px !important;margin-left: 150px !important;background-color: #00dbdb !important;}&#8221;][vc_column_inner width=&#8221;1\/4&#8243; offset=&#8221;vc_hidden-md vc_hidden-sm vc_hidden-xs&#8221;][vc_column_text] I am text block. Click edit button to change this text. Lorem ipsum dolor sit amet, consectetur adipiscing elit. Ut elit tellus, luctus nec ullamcorper mattis, pulvinar dapibus leo. &hellip; <\/p>\n<p><a class=\"more-link btn\" href=\"https:\/\/www.uzmandireksiyondersi.net\/?page_id=5\">Continue reading<\/a><\/p>\n","protected":false},"author":1,"featured_media":0,"parent":0,"menu_order":0,"comment_status":"closed","ping_status":"closed","template":"","meta":[],"_links":{"self":[{"href":"https:\/\/www.uzmandireksiyondersi.net\/index.php?rest_route=\/wp\/v2\/pages\/5"}],"collection":[{"href":"https:\/\/www.uzmandireksiyondersi.net\/index.php?rest_route=\/wp\/v2\/pages"}],"about":[{"href":"https:\/\/www.uzmandireksiyondersi.net\/index.php?rest_route=\/wp\/v2\/types\/page"}],"author":[{"embeddable":true,"href":"https:\/\/www.uzmandireksiyondersi.net\/index.php?rest_route=\/wp\/v2\/users\/1"}],"replies":[{"embeddable":true,"href":"https:\/\/www.uzmandireksiyondersi.net\/index.php?rest_route=%2Fwp%2Fv2%2Fcomments&post=5"}],"version-history":[{"count":1,"href":"https:\/\/www.uzmandireksiyondersi.net\/index.php?rest_route=\/wp\/v2\/pages\/5\/revisions"}],"predecessor-version":[{"id":423,"href":"https:\/\/www.uzmandireksiyondersi.net\/index.php?rest_route=\/wp\/v2\/pages\/5\/revisions\/423"}],"wp:attachment":[{"href":"https:\/\/www.uzmandireksiyondersi.net\/index.php?rest_route=%2Fwp%2Fv2%2Fmedia&parent=5"}],"curies":[{"name":"wp","href":"https:\/\/api.w.org\/{rel}","templated":true}]}}